{"id":7252,"date":"2022-09-26T16:00:51","date_gmt":"2022-09-26T19:00:51","guid":{"rendered":"https:\/\/www.pacoteshyatt.com.br\/sao-paulo\/?post_type=product&#038;p=7252"},"modified":"2026-03-23T13:00:55","modified_gmt":"2026-03-23T16:00:55","slug":"day-spa-outono","status":"publish","type":"product","link":"https:\/\/www.pacoteshyatt.com.br\/sao-paulo\/product\/day-spa-outono\/","title":{"rendered":"DAY SPA | OUTONO"},"content":{"rendered":"<p data-pm-slice=\"1 1 []\">Deixe-se envolver pela ess\u00eancia do outono com uma experi\u00eancia sensorial que acolhe corpo e mente.<\/p>\n<p>O Amanary Spa, no Grand Hyatt S\u00e3o Paulo, apresenta o <strong>Day Spa Outono<\/strong>, um ritual exclusivo inspirado nas notas quentes e reconfortantes de Apricot, Ma\u00e7\u00e3, Canela e Laranja. Combinando aromas e texturas envolventes, essa jornada de bem-estar foi cuidadosamente criada para renovar suas energias e restaurar o equil\u00edbrio.<\/p>\n<p><strong>Escalda-p\u00e9s com \u00d3leo Essencial de Laranja<\/strong><br \/>\nIniciamos com um banho revigorante para os p\u00e9s, imersos em um \u00d3leo Essencial de Laranja, que proporciona frescor e aconchego com suas propriedades energizantes. Enquanto seus p\u00e9s relaxam, voc\u00ea desfruta de um ch\u00e1 quente de Ma\u00e7\u00e3 com Canela, aquecendo o esp\u00edrito com notas suaves e reconfortantes.<\/p>\n<p><strong>Esfolia\u00e7\u00e3o de Apricot<\/strong><br \/>\nNossa esfolia\u00e7\u00e3o corporal com extrato de Apricot remove suavemente as c\u00e9lulas mortas, promovendo renova\u00e7\u00e3o celular e deixando a pele macia e iluminada. O aroma levemente c\u00edtrico desperta uma sensa\u00e7\u00e3o de leveza e frescor.<\/p>\n<p><strong>Massagem com \u00d3leo Aquecido<\/strong><br \/>\nO \u00e1pice da experi\u00eancia \u00e9 a massagem relaxante com \u00d3leo Aquecido, proporcionando um toque aveludado sobre a pele e um relaxamento profundo. Cada movimento alivia tens\u00f5es acumuladas e convida ao equil\u00edbrio e bem-estar.<\/p>\n<p><strong>Facial com M\u00e1scara de Ma\u00e7\u00e3 Vermelha<\/strong><br \/>\nFinalizamos o ritual com um tratamento facial restaurador seguido de uma M\u00e1scara de Ma\u00e7\u00e3 Vermelha, que hidrata profundamente e rejuvenesce a pele. O frescor da ma\u00e7\u00e3 revitaliza, enquanto seu aroma doce e delicado acalma a mente.<\/p>\n<p>Com <strong>2 horas e 50 minutos de puro cuidado<\/strong>, o <strong>Day Spa Outono<\/strong> proporciona uma pausa para revigorar corpo e mente, conectando voc\u00ea \u00e0 beleza da esta\u00e7\u00e3o.<\/p>\n<p>Este voucher inclui o <strong>Day Spa Outono<\/strong> para uma pessoa e <strong>day use<\/strong> todos os dias: acesso \u00e0 sauna seca, Fitness Center, piscinas interna climatizada e externa, e 3h de estacionamento com manobrista.<\/p>\n<p><strong>Reserve agora e permita-se viver a experi\u00eancia \u00fanica do outono com o toque sofisticado do Amanary Spa.<\/strong><\/p>\n","protected":false},"excerpt":{"rendered":"<p>Deixe-se envolver pela ess\u00eancia do outono com uma experi\u00eancia sensorial que acolhe corpo e mente. O Amanary Spa, no Grand Hyatt S\u00e3o Paulo, apresenta o Day Spa Outono, um ritual exclusivo inspirado nas notas quentes e reconfortantes de Apricot, Ma\u00e7\u00e3, Canela e Laranja. Combinando aromas e texturas envolventes, essa jornada de bem-estar foi cuidadosamente criada [&hellip;]<\/p>\n","protected":false},"featured_media":17530,"comment_status":"open","ping_status":"closed","template":"","meta":{"_eb_attr":""},"product_cat":[57,77,20,21],"product_tag":[],"yoast_head":"<!-- This site is optimized with the Yoast SEO plugin v18.4.1 - https:\/\/yoast.com\/wordpress\/plugins\/seo\/ -->\n<title>Day Spa Outono - Pacotes Hyatt S\u00e3o Paulo<\/title>\n<meta name=\"description\" content=\"Day Spa Outono: 2h50 de relaxamento com esfolia\u00e7\u00e3o, massagem e facial inspirados em aromas aconchegantes. Reserve no Amanary Spa!\" \/>\n<meta name=\"robots\" content=\"index, follow, max-snippet:-1, max-image-preview:large, max-video-preview:-1\" \/>\n<link rel=\"canonical\" href=\"https:\/\/www.pacoteshyatt.com.br\/sao-paulo\/product\/day-spa-outono\/\" \/>\n<meta property=\"og:locale\" content=\"pt_BR\" \/>\n<meta property=\"og:type\" content=\"article\" \/>\n<meta property=\"og:title\" content=\"Day Spa Outono - Pacotes Hyatt S\u00e3o Paulo\" \/>\n<meta property=\"og:description\" content=\"Day Spa Outono: 2h50 de relaxamento com esfolia\u00e7\u00e3o, massagem e facial inspirados em aromas aconchegantes. Reserve no Amanary Spa!\" \/>\n<meta property=\"og:url\" content=\"https:\/\/www.pacoteshyatt.com.br\/sao-paulo\/product\/day-spa-outono\/\" \/>\n<meta property=\"og:site_name\" content=\"GRAND HYATT S\u00c3O PAULO\" \/>\n<meta property=\"article:modified_time\" content=\"2026-03-23T16:00:55+00:00\" \/>\n<meta property=\"og:image\" content=\"https:\/\/www.pacoteshyatt.com.br\/sao-paulo\/wp-content\/uploads\/sites\/3\/2022\/09\/GHSP_DaySpaOutono_Banner_308x200px_v2B.png\" \/>\n\t<meta property=\"og:image:width\" content=\"308\" \/>\n\t<meta property=\"og:image:height\" content=\"200\" \/>\n\t<meta property=\"og:image:type\" content=\"image\/png\" \/>\n<meta name=\"twitter:card\" content=\"summary_large_image\" \/>\n<meta name=\"twitter:label1\" content=\"Est. tempo de leitura\" \/>\n\t<meta name=\"twitter:data1\" content=\"2 minutos\" \/>\n<script type=\"application\/ld+json\" class=\"yoast-schema-graph\">{\"@context\":\"https:\/\/schema.org\",\"@graph\":[{\"@type\":\"WebSite\",\"@id\":\"https:\/\/www.pacoteshyatt.com.br\/sao-paulo\/#website\",\"url\":\"https:\/\/www.pacoteshyatt.com.br\/sao-paulo\/\",\"name\":\"GRAND HYATT S\u00c3O PAULO\",\"description\":\"S\u00f3 mais um site Hot\u00e9is Grand Hyatt Rio de Janeiro e S\u00e3o Paulo sites\",\"potentialAction\":[{\"@type\":\"SearchAction\",\"target\":{\"@type\":\"EntryPoint\",\"urlTemplate\":\"https:\/\/www.pacoteshyatt.com.br\/sao-paulo\/?s={search_term_string}\"},\"query-input\":\"required name=search_term_string\"}],\"inLanguage\":\"pt-BR\"},{\"@type\":\"ImageObject\",\"@id\":\"https:\/\/www.pacoteshyatt.com.br\/sao-paulo\/product\/day-spa-outono\/#primaryimage\",\"inLanguage\":\"pt-BR\",\"url\":\"https:\/\/www.pacoteshyatt.com.br\/sao-paulo\/wp-content\/uploads\/sites\/3\/2022\/09\/GHSP_DaySpaOutono_Banner_308x200px_v2B.png\",\"contentUrl\":\"https:\/\/www.pacoteshyatt.com.br\/sao-paulo\/wp-content\/uploads\/sites\/3\/2022\/09\/GHSP_DaySpaOutono_Banner_308x200px_v2B.png\",\"width\":308,\"height\":200},{\"@type\":\"WebPage\",\"@id\":\"https:\/\/www.pacoteshyatt.com.br\/sao-paulo\/product\/day-spa-outono\/#webpage\",\"url\":\"https:\/\/www.pacoteshyatt.com.br\/sao-paulo\/product\/day-spa-outono\/\",\"name\":\"Day Spa Outono - Pacotes Hyatt S\u00e3o Paulo\",\"isPartOf\":{\"@id\":\"https:\/\/www.pacoteshyatt.com.br\/sao-paulo\/#website\"},\"primaryImageOfPage\":{\"@id\":\"https:\/\/www.pacoteshyatt.com.br\/sao-paulo\/product\/day-spa-outono\/#primaryimage\"},\"datePublished\":\"2022-09-26T19:00:51+00:00\",\"dateModified\":\"2026-03-23T16:00:55+00:00\",\"description\":\"Day Spa Outono: 2h50 de relaxamento com esfolia\u00e7\u00e3o, massagem e facial inspirados em aromas aconchegantes. Reserve no Amanary Spa!\",\"breadcrumb\":{\"@id\":\"https:\/\/www.pacoteshyatt.com.br\/sao-paulo\/product\/day-spa-outono\/#breadcrumb\"},\"inLanguage\":\"pt-BR\",\"potentialAction\":[{\"@type\":\"ReadAction\",\"target\":[\"https:\/\/www.pacoteshyatt.com.br\/sao-paulo\/product\/day-spa-outono\/\"]}]},{\"@type\":\"BreadcrumbList\",\"@id\":\"https:\/\/www.pacoteshyatt.com.br\/sao-paulo\/product\/day-spa-outono\/#breadcrumb\",\"itemListElement\":[{\"@type\":\"ListItem\",\"position\":1,\"name\":\"Home\",\"item\":\"https:\/\/www.pacoteshyatt.com.br\/sao-paulo\/\"},{\"@type\":\"ListItem\",\"position\":2,\"name\":\"Shop\",\"item\":\"https:\/\/www.pacoteshyatt.com.br\/sao-paulo\/shop\/\"},{\"@type\":\"ListItem\",\"position\":3,\"name\":\"DAY SPA | OUTONO\"}]}]}<\/script>\n<!-- \/ Yoast SEO plugin. -->","yoast_head_json":{"title":"Day Spa Outono - Pacotes Hyatt S\u00e3o Paulo","description":"Day Spa Outono: 2h50 de relaxamento com esfolia\u00e7\u00e3o, massagem e facial inspirados em aromas aconchegantes. Reserve no Amanary Spa!","robots":{"index":"index","follow":"follow","max-snippet":"max-snippet:-1","max-image-preview":"max-image-preview:large","max-video-preview":"max-video-preview:-1"},"canonical":"https:\/\/www.pacoteshyatt.com.br\/sao-paulo\/product\/day-spa-outono\/","og_locale":"pt_BR","og_type":"article","og_title":"Day Spa Outono - Pacotes Hyatt S\u00e3o Paulo","og_description":"Day Spa Outono: 2h50 de relaxamento com esfolia\u00e7\u00e3o, massagem e facial inspirados em aromas aconchegantes. Reserve no Amanary Spa!","og_url":"https:\/\/www.pacoteshyatt.com.br\/sao-paulo\/product\/day-spa-outono\/","og_site_name":"GRAND HYATT S\u00c3O PAULO","article_modified_time":"2026-03-23T16:00:55+00:00","og_image":[{"width":308,"height":200,"url":"https:\/\/www.pacoteshyatt.com.br\/sao-paulo\/wp-content\/uploads\/sites\/3\/2022\/09\/GHSP_DaySpaOutono_Banner_308x200px_v2B.png","type":"image\/png"}],"twitter_card":"summary_large_image","twitter_misc":{"Est. tempo de leitura":"2 minutos"},"schema":{"@context":"https:\/\/schema.org","@graph":[{"@type":"WebSite","@id":"https:\/\/www.pacoteshyatt.com.br\/sao-paulo\/#website","url":"https:\/\/www.pacoteshyatt.com.br\/sao-paulo\/","name":"GRAND HYATT S\u00c3O PAULO","description":"S\u00f3 mais um site Hot\u00e9is Grand Hyatt Rio de Janeiro e S\u00e3o Paulo sites","potentialAction":[{"@type":"SearchAction","target":{"@type":"EntryPoint","urlTemplate":"https:\/\/www.pacoteshyatt.com.br\/sao-paulo\/?s={search_term_string}"},"query-input":"required name=search_term_string"}],"inLanguage":"pt-BR"},{"@type":"ImageObject","@id":"https:\/\/www.pacoteshyatt.com.br\/sao-paulo\/product\/day-spa-outono\/#primaryimage","inLanguage":"pt-BR","url":"https:\/\/www.pacoteshyatt.com.br\/sao-paulo\/wp-content\/uploads\/sites\/3\/2022\/09\/GHSP_DaySpaOutono_Banner_308x200px_v2B.png","contentUrl":"https:\/\/www.pacoteshyatt.com.br\/sao-paulo\/wp-content\/uploads\/sites\/3\/2022\/09\/GHSP_DaySpaOutono_Banner_308x200px_v2B.png","width":308,"height":200},{"@type":"WebPage","@id":"https:\/\/www.pacoteshyatt.com.br\/sao-paulo\/product\/day-spa-outono\/#webpage","url":"https:\/\/www.pacoteshyatt.com.br\/sao-paulo\/product\/day-spa-outono\/","name":"Day Spa Outono - Pacotes Hyatt S\u00e3o Paulo","isPartOf":{"@id":"https:\/\/www.pacoteshyatt.com.br\/sao-paulo\/#website"},"primaryImageOfPage":{"@id":"https:\/\/www.pacoteshyatt.com.br\/sao-paulo\/product\/day-spa-outono\/#primaryimage"},"datePublished":"2022-09-26T19:00:51+00:00","dateModified":"2026-03-23T16:00:55+00:00","description":"Day Spa Outono: 2h50 de relaxamento com esfolia\u00e7\u00e3o, massagem e facial inspirados em aromas aconchegantes. Reserve no Amanary Spa!","breadcrumb":{"@id":"https:\/\/www.pacoteshyatt.com.br\/sao-paulo\/product\/day-spa-outono\/#breadcrumb"},"inLanguage":"pt-BR","potentialAction":[{"@type":"ReadAction","target":["https:\/\/www.pacoteshyatt.com.br\/sao-paulo\/product\/day-spa-outono\/"]}]},{"@type":"BreadcrumbList","@id":"https:\/\/www.pacoteshyatt.com.br\/sao-paulo\/product\/day-spa-outono\/#breadcrumb","itemListElement":[{"@type":"ListItem","position":1,"name":"Home","item":"https:\/\/www.pacoteshyatt.com.br\/sao-paulo\/"},{"@type":"ListItem","position":2,"name":"Shop","item":"https:\/\/www.pacoteshyatt.com.br\/sao-paulo\/shop\/"},{"@type":"ListItem","position":3,"name":"DAY SPA | OUTONO"}]}]}},"_links":{"self":[{"href":"https:\/\/www.pacoteshyatt.com.br\/sao-paulo\/wp-json\/wp\/v2\/product\/7252"}],"collection":[{"href":"https:\/\/www.pacoteshyatt.com.br\/sao-paulo\/wp-json\/wp\/v2\/product"}],"about":[{"href":"https:\/\/www.pacoteshyatt.com.br\/sao-paulo\/wp-json\/wp\/v2\/types\/product"}],"replies":[{"embeddable":true,"href":"https:\/\/www.pacoteshyatt.com.br\/sao-paulo\/wp-json\/wp\/v2\/comments?post=7252"}],"wp:featuredmedia":[{"embeddable":true,"href":"https:\/\/www.pacoteshyatt.com.br\/sao-paulo\/wp-json\/wp\/v2\/media\/17530"}],"wp:attachment":[{"href":"https:\/\/www.pacoteshyatt.com.br\/sao-paulo\/wp-json\/wp\/v2\/media?parent=7252"}],"wp:term":[{"taxonomy":"product_cat","embeddable":true,"href":"https:\/\/www.pacoteshyatt.com.br\/sao-paulo\/wp-json\/wp\/v2\/product_cat?post=7252"},{"taxonomy":"product_tag","embeddable":true,"href":"https:\/\/www.pacoteshyatt.com.br\/sao-paulo\/wp-json\/wp\/v2\/product_tag?post=7252"}],"curies":[{"name":"wp","href":"https:\/\/api.w.org\/{rel}","templated":true}]}}