{"id":7302,"date":"2024-10-31T00:01:25","date_gmt":"2024-10-31T03:01:25","guid":{"rendered":"https:\/\/www.pacoteshyatt.com.br\/sao-paulo\/?post_type=product&#038;p=7302"},"modified":"2025-12-01T12:04:38","modified_gmt":"2025-12-01T15:04:38","slug":"day-spa-seducao-2","status":"publish","type":"product","link":"https:\/\/www.pacoteshyatt.com.br\/sao-paulo\/product\/day-spa-seducao-2\/","title":{"rendered":"DAY SPA SEDU\u00c7\u00c3O"},"content":{"rendered":"<p>O <strong>Day Spa Sedu\u00e7\u00e3o<\/strong><strong>,<\/strong> oferece momentos de profunda conex\u00e3o e relaxamento para casais.<\/p>\n<p>Desfrute de tratamentos exclusivos, preparados com carinho para proporcionar uma renova\u00e7\u00e3o completa:<\/p>\n<p>\u2022 Escalda-p\u00e9s Relaxante: Comece sua jornada com um banho revitalizante para os p\u00e9s, perfeito para aliviar tens\u00f5es acumuladas e relaxar profundamente.<\/p>\n<p>\u2022 Reflexologia: T\u00e9cnica que estimula pontos reflexos nos p\u00e9s, promovendo equil\u00edbrio e bem-estar em todo o corpo. Ideal para aliviar o stress.<\/p>\n<p>\u2022 Esfolia\u00e7\u00e3o Corporal Amanary: Revitalize sua pele com uma esfolia\u00e7\u00e3o suave que remove c\u00e9lulas mortas, deixando-a macia e luminosa.<\/p>\n<p>\u2022 Candle Massage: Desfrute do toque sensual e acolhedor da massagem com velas, que combina calor e \u00f3leos nutritivos, proporcionando relaxamento profundo e conex\u00e3o.<\/p>\n<p>A experi\u00eancia \u00e9 finalizada com um brinde de espumante, perfeito para celebrar o momento de forma rom\u00e2ntica e inesquec\u00edvel.<\/p>\n<p>Com 2 horas e 20 minutos de dura\u00e7\u00e3o, o <strong>Day Spa Sedu\u00e7\u00e3o<\/strong> acontece em uma sala privativa especialmente preparada para casais, criando o ambiente ideal para relaxar e renovar la\u00e7os.<\/p>\n<p>Agende agora seu <strong>Day Spa Sedu\u00e7\u00e3o<\/strong> e garanta momentos de pura indulg\u00eancia e romantismo ao lado de quem voc\u00ea ama!<\/p>\n<p><strong>Este voucher inclui o Day Spa Sedu\u00e7\u00e3o para duas pessoas e day use todos os dias: acesso \u00e0 sauna seca, Fitness Center, piscinas interna climatizada e externa, e 3h de estacionamento com manobrista.\u00a0<\/strong><\/p>\n","protected":false},"excerpt":{"rendered":"<p>O Day Spa Sedu\u00e7\u00e3o, oferece momentos de profunda conex\u00e3o e relaxamento para casais. Desfrute de tratamentos exclusivos, preparados com carinho para proporcionar uma renova\u00e7\u00e3o completa: \u2022 Escalda-p\u00e9s Relaxante: Comece sua jornada com um banho revitalizante para os p\u00e9s, perfeito para aliviar tens\u00f5es acumuladas e relaxar profundamente. \u2022 Reflexologia: T\u00e9cnica que estimula pontos reflexos nos p\u00e9s, [&hellip;]<\/p>\n","protected":false},"featured_media":4198,"comment_status":"open","ping_status":"closed","template":"","meta":{"_eb_attr":""},"product_cat":[53,49,31],"product_tag":[],"yoast_head":"<!-- This site is optimized with the Yoast SEO plugin v18.4.1 - https:\/\/yoast.com\/wordpress\/plugins\/seo\/ -->\n<title>Day Spa Sedu\u00e7\u00e3o c\/ oferta Black November | Grand Hyatt SP<\/title>\n<meta name=\"description\" content=\"Viva o Day Spa Sedu\u00e7\u00e3o com descontos da Black November no Hyatt S\u00e3o Paulo. Relaxamento profundo e autocuidado em um dia especial. Garanta o seu agora.\" \/>\n<meta name=\"robots\" content=\"index, follow, max-snippet:-1, max-image-preview:large, max-video-preview:-1\" \/>\n<link rel=\"canonical\" href=\"https:\/\/www.pacoteshyatt.com.br\/sao-paulo\/product\/day-spa-seducao-2\/\" \/>\n<meta property=\"og:locale\" content=\"pt_BR\" \/>\n<meta property=\"og:type\" content=\"article\" \/>\n<meta property=\"og:title\" content=\"Day Spa Sedu\u00e7\u00e3o c\/ oferta Black November | Grand Hyatt SP\" \/>\n<meta property=\"og:description\" content=\"Viva o Day Spa Sedu\u00e7\u00e3o com descontos da Black November no Hyatt S\u00e3o Paulo. Relaxamento profundo e autocuidado em um dia especial. Garanta o seu agora.\" \/>\n<meta property=\"og:url\" content=\"https:\/\/www.pacoteshyatt.com.br\/sao-paulo\/product\/day-spa-seducao-2\/\" \/>\n<meta property=\"og:site_name\" content=\"GRAND HYATT S\u00c3O PAULO\" \/>\n<meta property=\"article:modified_time\" content=\"2025-12-01T15:04:38+00:00\" \/>\n<meta property=\"og:image\" content=\"https:\/\/www.pacoteshyatt.com.br\/sao-paulo\/wp-content\/uploads\/sites\/3\/2021\/10\/banner-oferta_black-week-shiatsu.jpg\" \/>\n\t<meta property=\"og:image:width\" content=\"308\" \/>\n\t<meta property=\"og:image:height\" content=\"200\" \/>\n\t<meta property=\"og:image:type\" content=\"image\/jpeg\" \/>\n<meta name=\"twitter:card\" content=\"summary_large_image\" \/>\n<meta name=\"twitter:label1\" content=\"Est. tempo de leitura\" \/>\n\t<meta name=\"twitter:data1\" content=\"2 minutos\" \/>\n<script type=\"application\/ld+json\" class=\"yoast-schema-graph\">{\"@context\":\"https:\/\/schema.org\",\"@graph\":[{\"@type\":\"WebSite\",\"@id\":\"https:\/\/www.pacoteshyatt.com.br\/sao-paulo\/#website\",\"url\":\"https:\/\/www.pacoteshyatt.com.br\/sao-paulo\/\",\"name\":\"GRAND HYATT S\u00c3O PAULO\",\"description\":\"S\u00f3 mais um site Hot\u00e9is Grand Hyatt Rio de Janeiro e S\u00e3o Paulo sites\",\"potentialAction\":[{\"@type\":\"SearchAction\",\"target\":{\"@type\":\"EntryPoint\",\"urlTemplate\":\"https:\/\/www.pacoteshyatt.com.br\/sao-paulo\/?s={search_term_string}\"},\"query-input\":\"required name=search_term_string\"}],\"inLanguage\":\"pt-BR\"},{\"@type\":\"ImageObject\",\"@id\":\"https:\/\/www.pacoteshyatt.com.br\/sao-paulo\/product\/day-spa-seducao-2\/#primaryimage\",\"inLanguage\":\"pt-BR\",\"url\":\"https:\/\/www.pacoteshyatt.com.br\/sao-paulo\/wp-content\/uploads\/sites\/3\/2021\/10\/banner-oferta_black-week-shiatsu.jpg\",\"contentUrl\":\"https:\/\/www.pacoteshyatt.com.br\/sao-paulo\/wp-content\/uploads\/sites\/3\/2021\/10\/banner-oferta_black-week-shiatsu.jpg\",\"width\":308,\"height\":200,\"caption\":\"Massagem e spa do Grand Hyatt S\u00e3o Paulo\"},{\"@type\":\"WebPage\",\"@id\":\"https:\/\/www.pacoteshyatt.com.br\/sao-paulo\/product\/day-spa-seducao-2\/#webpage\",\"url\":\"https:\/\/www.pacoteshyatt.com.br\/sao-paulo\/product\/day-spa-seducao-2\/\",\"name\":\"Day Spa Sedu\u00e7\u00e3o c\/ oferta Black November | Grand Hyatt SP\",\"isPartOf\":{\"@id\":\"https:\/\/www.pacoteshyatt.com.br\/sao-paulo\/#website\"},\"primaryImageOfPage\":{\"@id\":\"https:\/\/www.pacoteshyatt.com.br\/sao-paulo\/product\/day-spa-seducao-2\/#primaryimage\"},\"datePublished\":\"2024-10-31T03:01:25+00:00\",\"dateModified\":\"2025-12-01T15:04:38+00:00\",\"description\":\"Viva o Day Spa Sedu\u00e7\u00e3o com descontos da Black November no Hyatt S\u00e3o Paulo. Relaxamento profundo e autocuidado em um dia especial. Garanta o seu agora.\",\"breadcrumb\":{\"@id\":\"https:\/\/www.pacoteshyatt.com.br\/sao-paulo\/product\/day-spa-seducao-2\/#breadcrumb\"},\"inLanguage\":\"pt-BR\",\"potentialAction\":[{\"@type\":\"ReadAction\",\"target\":[\"https:\/\/www.pacoteshyatt.com.br\/sao-paulo\/product\/day-spa-seducao-2\/\"]}]},{\"@type\":\"BreadcrumbList\",\"@id\":\"https:\/\/www.pacoteshyatt.com.br\/sao-paulo\/product\/day-spa-seducao-2\/#breadcrumb\",\"itemListElement\":[{\"@type\":\"ListItem\",\"position\":1,\"name\":\"Home\",\"item\":\"https:\/\/www.pacoteshyatt.com.br\/sao-paulo\/\"},{\"@type\":\"ListItem\",\"position\":2,\"name\":\"Shop\",\"item\":\"https:\/\/www.pacoteshyatt.com.br\/sao-paulo\/shop\/\"},{\"@type\":\"ListItem\",\"position\":3,\"name\":\"DAY SPA SEDU\u00c7\u00c3O\"}]}]}<\/script>\n<!-- \/ Yoast SEO plugin. -->","yoast_head_json":{"title":"Day Spa Sedu\u00e7\u00e3o c\/ oferta Black November | Grand Hyatt SP","description":"Viva o Day Spa Sedu\u00e7\u00e3o com descontos da Black November no Hyatt S\u00e3o Paulo. Relaxamento profundo e autocuidado em um dia especial. Garanta o seu agora.","robots":{"index":"index","follow":"follow","max-snippet":"max-snippet:-1","max-image-preview":"max-image-preview:large","max-video-preview":"max-video-preview:-1"},"canonical":"https:\/\/www.pacoteshyatt.com.br\/sao-paulo\/product\/day-spa-seducao-2\/","og_locale":"pt_BR","og_type":"article","og_title":"Day Spa Sedu\u00e7\u00e3o c\/ oferta Black November | Grand Hyatt SP","og_description":"Viva o Day Spa Sedu\u00e7\u00e3o com descontos da Black November no Hyatt S\u00e3o Paulo. Relaxamento profundo e autocuidado em um dia especial. Garanta o seu agora.","og_url":"https:\/\/www.pacoteshyatt.com.br\/sao-paulo\/product\/day-spa-seducao-2\/","og_site_name":"GRAND HYATT S\u00c3O PAULO","article_modified_time":"2025-12-01T15:04:38+00:00","og_image":[{"width":308,"height":200,"url":"https:\/\/www.pacoteshyatt.com.br\/sao-paulo\/wp-content\/uploads\/sites\/3\/2021\/10\/banner-oferta_black-week-shiatsu.jpg","type":"image\/jpeg"}],"twitter_card":"summary_large_image","twitter_misc":{"Est. tempo de leitura":"2 minutos"},"schema":{"@context":"https:\/\/schema.org","@graph":[{"@type":"WebSite","@id":"https:\/\/www.pacoteshyatt.com.br\/sao-paulo\/#website","url":"https:\/\/www.pacoteshyatt.com.br\/sao-paulo\/","name":"GRAND HYATT S\u00c3O PAULO","description":"S\u00f3 mais um site Hot\u00e9is Grand Hyatt Rio de Janeiro e S\u00e3o Paulo sites","potentialAction":[{"@type":"SearchAction","target":{"@type":"EntryPoint","urlTemplate":"https:\/\/www.pacoteshyatt.com.br\/sao-paulo\/?s={search_term_string}"},"query-input":"required name=search_term_string"}],"inLanguage":"pt-BR"},{"@type":"ImageObject","@id":"https:\/\/www.pacoteshyatt.com.br\/sao-paulo\/product\/day-spa-seducao-2\/#primaryimage","inLanguage":"pt-BR","url":"https:\/\/www.pacoteshyatt.com.br\/sao-paulo\/wp-content\/uploads\/sites\/3\/2021\/10\/banner-oferta_black-week-shiatsu.jpg","contentUrl":"https:\/\/www.pacoteshyatt.com.br\/sao-paulo\/wp-content\/uploads\/sites\/3\/2021\/10\/banner-oferta_black-week-shiatsu.jpg","width":308,"height":200,"caption":"Massagem e spa do Grand Hyatt S\u00e3o Paulo"},{"@type":"WebPage","@id":"https:\/\/www.pacoteshyatt.com.br\/sao-paulo\/product\/day-spa-seducao-2\/#webpage","url":"https:\/\/www.pacoteshyatt.com.br\/sao-paulo\/product\/day-spa-seducao-2\/","name":"Day Spa Sedu\u00e7\u00e3o c\/ oferta Black November | Grand Hyatt SP","isPartOf":{"@id":"https:\/\/www.pacoteshyatt.com.br\/sao-paulo\/#website"},"primaryImageOfPage":{"@id":"https:\/\/www.pacoteshyatt.com.br\/sao-paulo\/product\/day-spa-seducao-2\/#primaryimage"},"datePublished":"2024-10-31T03:01:25+00:00","dateModified":"2025-12-01T15:04:38+00:00","description":"Viva o Day Spa Sedu\u00e7\u00e3o com descontos da Black November no Hyatt S\u00e3o Paulo. Relaxamento profundo e autocuidado em um dia especial. Garanta o seu agora.","breadcrumb":{"@id":"https:\/\/www.pacoteshyatt.com.br\/sao-paulo\/product\/day-spa-seducao-2\/#breadcrumb"},"inLanguage":"pt-BR","potentialAction":[{"@type":"ReadAction","target":["https:\/\/www.pacoteshyatt.com.br\/sao-paulo\/product\/day-spa-seducao-2\/"]}]},{"@type":"BreadcrumbList","@id":"https:\/\/www.pacoteshyatt.com.br\/sao-paulo\/product\/day-spa-seducao-2\/#breadcrumb","itemListElement":[{"@type":"ListItem","position":1,"name":"Home","item":"https:\/\/www.pacoteshyatt.com.br\/sao-paulo\/"},{"@type":"ListItem","position":2,"name":"Shop","item":"https:\/\/www.pacoteshyatt.com.br\/sao-paulo\/shop\/"},{"@type":"ListItem","position":3,"name":"DAY SPA SEDU\u00c7\u00c3O"}]}]}},"_links":{"self":[{"href":"https:\/\/www.pacoteshyatt.com.br\/sao-paulo\/wp-json\/wp\/v2\/product\/7302"}],"collection":[{"href":"https:\/\/www.pacoteshyatt.com.br\/sao-paulo\/wp-json\/wp\/v2\/product"}],"about":[{"href":"https:\/\/www.pacoteshyatt.com.br\/sao-paulo\/wp-json\/wp\/v2\/types\/product"}],"replies":[{"embeddable":true,"href":"https:\/\/www.pacoteshyatt.com.br\/sao-paulo\/wp-json\/wp\/v2\/comments?post=7302"}],"wp:featuredmedia":[{"embeddable":true,"href":"https:\/\/www.pacoteshyatt.com.br\/sao-paulo\/wp-json\/wp\/v2\/media\/4198"}],"wp:attachment":[{"href":"https:\/\/www.pacoteshyatt.com.br\/sao-paulo\/wp-json\/wp\/v2\/media?parent=7302"}],"wp:term":[{"taxonomy":"product_cat","embeddable":true,"href":"https:\/\/www.pacoteshyatt.com.br\/sao-paulo\/wp-json\/wp\/v2\/product_cat?post=7302"},{"taxonomy":"product_tag","embeddable":true,"href":"https:\/\/www.pacoteshyatt.com.br\/sao-paulo\/wp-json\/wp\/v2\/product_tag?post=7302"}],"curies":[{"name":"wp","href":"https:\/\/api.w.org\/{rel}","templated":true}]}}