{"id":7303,"date":"2024-10-31T00:01:58","date_gmt":"2024-10-31T03:01:58","guid":{"rendered":"https:\/\/www.pacoteshyatt.com.br\/sao-paulo\/?post_type=product&#038;p=7303"},"modified":"2026-04-16T18:21:51","modified_gmt":"2026-04-16T21:21:51","slug":"pacote-10-massagens","status":"publish","type":"product","link":"https:\/\/www.pacoteshyatt.com.br\/sao-paulo\/product\/pacote-10-massagens\/","title":{"rendered":"PACOTE DE MASSAGENS"},"content":{"rendered":"<p><strong>Pacote de Massagem com 5 ou 10 sess\u00f5es \u2013 Amanary Spa<\/strong><\/p>\n<p class=\"\" data-start=\"147\" data-end=\"366\">Transforme o seu autocuidado em um ritual cont\u00ednuo de bem-estar com o <strong data-start=\"217\" data-end=\"262\">Pacote de 5 ou 10 Sess\u00f5es de Massagem Cl\u00e1ssica<\/strong>. Com ele, voc\u00ea tem a liberdade de escolher, a cada visita, a t\u00e9cnica que mais se adequa ao seu momento.<\/p>\n<p class=\"\" data-start=\"368\" data-end=\"529\"><strong data-start=\"368\" data-end=\"385\">Como funciona<\/strong><br data-start=\"385\" data-end=\"388\" \/>Voc\u00ea adquire o pacote de sess\u00f5es de 50 ou 80 minutos e, em cada uma delas, escolhe entre diferentes t\u00e9cnicas terap\u00eauticas para personalizar sua experi\u00eancia.<\/p>\n<p class=\"\" data-start=\"531\" data-end=\"556\"><strong data-start=\"531\" data-end=\"556\">T\u00e9cnicas dispon\u00edveis:<\/strong><\/p>\n<p class=\"\" data-start=\"558\" data-end=\"664\"><strong data-start=\"558\" data-end=\"576\">Massagem Sueca<\/strong><br data-start=\"576\" data-end=\"579\" \/>Movimentos suaves e longos que promovem relaxamento profundo e melhoram a circula\u00e7\u00e3o.<\/p>\n<p class=\"\" data-start=\"666\" data-end=\"793\"><strong data-start=\"666\" data-end=\"677\">Shiatsu<\/strong><br data-start=\"677\" data-end=\"680\" \/>T\u00e9cnica japonesa que utiliza press\u00e3o em pontos estrat\u00e9gicos do corpo para equilibrar a energia e aliviar tens\u00f5es.<\/p>\n<p class=\"\" data-start=\"795\" data-end=\"906\"><strong data-start=\"795\" data-end=\"811\">Aromaterapia<\/strong><br data-start=\"811\" data-end=\"814\" \/>Combina\u00e7\u00e3o de massagem suave com \u00f3leos essenciais, proporcionando bem-estar f\u00edsico e mental.<\/p>\n<p class=\"\" data-start=\"908\" data-end=\"1011\"><strong data-start=\"908\" data-end=\"923\">Esportiva<\/strong><br data-start=\"923\" data-end=\"926\" \/>Massagem mais intensa, ideal para dores cr\u00f4nicas e tens\u00f5es musculares mais profundas.<\/p>\n<p data-start=\"908\" data-end=\"1011\">Atrav\u00e9s do telefone <em><strong>2838-3300<\/strong><\/em> voc\u00ea pode conhecer tamb\u00e9m nossas op\u00e7\u00f5es de pacotes de 5 e 15 massagens. Confira!<\/p>\n<p data-start=\"908\" data-end=\"1011\">Garanta agora o seu <strong>pacote de massagens<\/strong> e desfrute de uma experi\u00eancia completa de relaxamento, equil\u00edbrio e cuidado cont\u00ednuo.<\/p>\n","protected":false},"excerpt":{"rendered":"<p>Pacote de Massagem com 5 ou 10 sess\u00f5es \u2013 Amanary Spa Transforme o seu autocuidado em um ritual cont\u00ednuo de bem-estar com o Pacote de 5 ou 10 Sess\u00f5es de Massagem Cl\u00e1ssica. Com ele, voc\u00ea tem a liberdade de escolher, a cada visita, a t\u00e9cnica que mais se adequa ao seu momento. Como funcionaVoc\u00ea adquire [&hellip;]<\/p>\n","protected":false},"featured_media":17640,"comment_status":"open","ping_status":"closed","template":"","meta":{"_eb_attr":""},"product_cat":[57,45,20],"product_tag":[],"yoast_head":"<!-- This site is optimized with the Yoast SEO plugin v18.4.1 - https:\/\/yoast.com\/wordpress\/plugins\/seo\/ -->\n<title>Pacote de Massagem c\/ 5 ou 10 Sess\u00f5es - Grand Hyatt SP<\/title>\n<meta name=\"description\" content=\"Relaxe e renove suas energias com nosso Pacote de Massagem exclusivo no Grand Hyatt S\u00e3o Paulo. Garanta o seu agora mesmo!\" \/>\n<meta name=\"robots\" content=\"index, follow, max-snippet:-1, max-image-preview:large, max-video-preview:-1\" \/>\n<link rel=\"canonical\" href=\"https:\/\/www.pacoteshyatt.com.br\/sao-paulo\/product\/pacote-10-massagens\/\" \/>\n<meta property=\"og:locale\" content=\"pt_BR\" \/>\n<meta property=\"og:type\" content=\"article\" \/>\n<meta property=\"og:title\" content=\"Pacote de Massagem c\/ 5 ou 10 Sess\u00f5es - Grand Hyatt SP\" \/>\n<meta property=\"og:description\" content=\"Relaxe e renove suas energias com nosso Pacote de Massagem exclusivo no Grand Hyatt S\u00e3o Paulo. Garanta o seu agora mesmo!\" \/>\n<meta property=\"og:url\" content=\"https:\/\/www.pacoteshyatt.com.br\/sao-paulo\/product\/pacote-10-massagens\/\" \/>\n<meta property=\"og:site_name\" content=\"GRAND HYATT S\u00c3O PAULO\" \/>\n<meta property=\"article:modified_time\" content=\"2026-04-16T21:21:51+00:00\" \/>\n<meta property=\"og:image\" content=\"https:\/\/www.pacoteshyatt.com.br\/sao-paulo\/wp-content\/uploads\/sites\/3\/2025\/04\/GHSP_PacoteMassagensAmanary_Banner_308x200px_v1.png\" \/>\n\t<meta property=\"og:image:width\" content=\"308\" \/>\n\t<meta property=\"og:image:height\" content=\"200\" \/>\n\t<meta property=\"og:image:type\" content=\"image\/png\" \/>\n<meta name=\"twitter:card\" content=\"summary_large_image\" \/>\n<meta name=\"twitter:label1\" content=\"Est. tempo de leitura\" \/>\n\t<meta name=\"twitter:data1\" content=\"2 minutos\" \/>\n<script type=\"application\/ld+json\" class=\"yoast-schema-graph\">{\"@context\":\"https:\/\/schema.org\",\"@graph\":[{\"@type\":\"WebSite\",\"@id\":\"https:\/\/www.pacoteshyatt.com.br\/sao-paulo\/#website\",\"url\":\"https:\/\/www.pacoteshyatt.com.br\/sao-paulo\/\",\"name\":\"GRAND HYATT S\u00c3O PAULO\",\"description\":\"S\u00f3 mais um site Hot\u00e9is Grand Hyatt Rio de Janeiro e S\u00e3o Paulo sites\",\"potentialAction\":[{\"@type\":\"SearchAction\",\"target\":{\"@type\":\"EntryPoint\",\"urlTemplate\":\"https:\/\/www.pacoteshyatt.com.br\/sao-paulo\/?s={search_term_string}\"},\"query-input\":\"required name=search_term_string\"}],\"inLanguage\":\"pt-BR\"},{\"@type\":\"ImageObject\",\"@id\":\"https:\/\/www.pacoteshyatt.com.br\/sao-paulo\/product\/pacote-10-massagens\/#primaryimage\",\"inLanguage\":\"pt-BR\",\"url\":\"https:\/\/www.pacoteshyatt.com.br\/sao-paulo\/wp-content\/uploads\/sites\/3\/2025\/04\/GHSP_PacoteMassagensAmanary_Banner_308x200px_v1.png\",\"contentUrl\":\"https:\/\/www.pacoteshyatt.com.br\/sao-paulo\/wp-content\/uploads\/sites\/3\/2025\/04\/GHSP_PacoteMassagensAmanary_Banner_308x200px_v1.png\",\"width\":308,\"height\":200},{\"@type\":\"WebPage\",\"@id\":\"https:\/\/www.pacoteshyatt.com.br\/sao-paulo\/product\/pacote-10-massagens\/#webpage\",\"url\":\"https:\/\/www.pacoteshyatt.com.br\/sao-paulo\/product\/pacote-10-massagens\/\",\"name\":\"Pacote de Massagem c\/ 5 ou 10 Sess\u00f5es - Grand Hyatt SP\",\"isPartOf\":{\"@id\":\"https:\/\/www.pacoteshyatt.com.br\/sao-paulo\/#website\"},\"primaryImageOfPage\":{\"@id\":\"https:\/\/www.pacoteshyatt.com.br\/sao-paulo\/product\/pacote-10-massagens\/#primaryimage\"},\"datePublished\":\"2024-10-31T03:01:58+00:00\",\"dateModified\":\"2026-04-16T21:21:51+00:00\",\"description\":\"Relaxe e renove suas energias com nosso Pacote de Massagem exclusivo no Grand Hyatt S\u00e3o Paulo. Garanta o seu agora mesmo!\",\"breadcrumb\":{\"@id\":\"https:\/\/www.pacoteshyatt.com.br\/sao-paulo\/product\/pacote-10-massagens\/#breadcrumb\"},\"inLanguage\":\"pt-BR\",\"potentialAction\":[{\"@type\":\"ReadAction\",\"target\":[\"https:\/\/www.pacoteshyatt.com.br\/sao-paulo\/product\/pacote-10-massagens\/\"]}]},{\"@type\":\"BreadcrumbList\",\"@id\":\"https:\/\/www.pacoteshyatt.com.br\/sao-paulo\/product\/pacote-10-massagens\/#breadcrumb\",\"itemListElement\":[{\"@type\":\"ListItem\",\"position\":1,\"name\":\"Home\",\"item\":\"https:\/\/www.pacoteshyatt.com.br\/sao-paulo\/\"},{\"@type\":\"ListItem\",\"position\":2,\"name\":\"Shop\",\"item\":\"https:\/\/www.pacoteshyatt.com.br\/sao-paulo\/shop\/\"},{\"@type\":\"ListItem\",\"position\":3,\"name\":\"PACOTE DE MASSAGENS\"}]}]}<\/script>\n<!-- \/ Yoast SEO plugin. -->","yoast_head_json":{"title":"Pacote de Massagem c\/ 5 ou 10 Sess\u00f5es - Grand Hyatt SP","description":"Relaxe e renove suas energias com nosso Pacote de Massagem exclusivo no Grand Hyatt S\u00e3o Paulo. Garanta o seu agora mesmo!","robots":{"index":"index","follow":"follow","max-snippet":"max-snippet:-1","max-image-preview":"max-image-preview:large","max-video-preview":"max-video-preview:-1"},"canonical":"https:\/\/www.pacoteshyatt.com.br\/sao-paulo\/product\/pacote-10-massagens\/","og_locale":"pt_BR","og_type":"article","og_title":"Pacote de Massagem c\/ 5 ou 10 Sess\u00f5es - Grand Hyatt SP","og_description":"Relaxe e renove suas energias com nosso Pacote de Massagem exclusivo no Grand Hyatt S\u00e3o Paulo. Garanta o seu agora mesmo!","og_url":"https:\/\/www.pacoteshyatt.com.br\/sao-paulo\/product\/pacote-10-massagens\/","og_site_name":"GRAND HYATT S\u00c3O PAULO","article_modified_time":"2026-04-16T21:21:51+00:00","og_image":[{"width":308,"height":200,"url":"https:\/\/www.pacoteshyatt.com.br\/sao-paulo\/wp-content\/uploads\/sites\/3\/2025\/04\/GHSP_PacoteMassagensAmanary_Banner_308x200px_v1.png","type":"image\/png"}],"twitter_card":"summary_large_image","twitter_misc":{"Est. tempo de leitura":"2 minutos"},"schema":{"@context":"https:\/\/schema.org","@graph":[{"@type":"WebSite","@id":"https:\/\/www.pacoteshyatt.com.br\/sao-paulo\/#website","url":"https:\/\/www.pacoteshyatt.com.br\/sao-paulo\/","name":"GRAND HYATT S\u00c3O PAULO","description":"S\u00f3 mais um site Hot\u00e9is Grand Hyatt Rio de Janeiro e S\u00e3o Paulo sites","potentialAction":[{"@type":"SearchAction","target":{"@type":"EntryPoint","urlTemplate":"https:\/\/www.pacoteshyatt.com.br\/sao-paulo\/?s={search_term_string}"},"query-input":"required name=search_term_string"}],"inLanguage":"pt-BR"},{"@type":"ImageObject","@id":"https:\/\/www.pacoteshyatt.com.br\/sao-paulo\/product\/pacote-10-massagens\/#primaryimage","inLanguage":"pt-BR","url":"https:\/\/www.pacoteshyatt.com.br\/sao-paulo\/wp-content\/uploads\/sites\/3\/2025\/04\/GHSP_PacoteMassagensAmanary_Banner_308x200px_v1.png","contentUrl":"https:\/\/www.pacoteshyatt.com.br\/sao-paulo\/wp-content\/uploads\/sites\/3\/2025\/04\/GHSP_PacoteMassagensAmanary_Banner_308x200px_v1.png","width":308,"height":200},{"@type":"WebPage","@id":"https:\/\/www.pacoteshyatt.com.br\/sao-paulo\/product\/pacote-10-massagens\/#webpage","url":"https:\/\/www.pacoteshyatt.com.br\/sao-paulo\/product\/pacote-10-massagens\/","name":"Pacote de Massagem c\/ 5 ou 10 Sess\u00f5es - Grand Hyatt SP","isPartOf":{"@id":"https:\/\/www.pacoteshyatt.com.br\/sao-paulo\/#website"},"primaryImageOfPage":{"@id":"https:\/\/www.pacoteshyatt.com.br\/sao-paulo\/product\/pacote-10-massagens\/#primaryimage"},"datePublished":"2024-10-31T03:01:58+00:00","dateModified":"2026-04-16T21:21:51+00:00","description":"Relaxe e renove suas energias com nosso Pacote de Massagem exclusivo no Grand Hyatt S\u00e3o Paulo. Garanta o seu agora mesmo!","breadcrumb":{"@id":"https:\/\/www.pacoteshyatt.com.br\/sao-paulo\/product\/pacote-10-massagens\/#breadcrumb"},"inLanguage":"pt-BR","potentialAction":[{"@type":"ReadAction","target":["https:\/\/www.pacoteshyatt.com.br\/sao-paulo\/product\/pacote-10-massagens\/"]}]},{"@type":"BreadcrumbList","@id":"https:\/\/www.pacoteshyatt.com.br\/sao-paulo\/product\/pacote-10-massagens\/#breadcrumb","itemListElement":[{"@type":"ListItem","position":1,"name":"Home","item":"https:\/\/www.pacoteshyatt.com.br\/sao-paulo\/"},{"@type":"ListItem","position":2,"name":"Shop","item":"https:\/\/www.pacoteshyatt.com.br\/sao-paulo\/shop\/"},{"@type":"ListItem","position":3,"name":"PACOTE DE MASSAGENS"}]}]}},"_links":{"self":[{"href":"https:\/\/www.pacoteshyatt.com.br\/sao-paulo\/wp-json\/wp\/v2\/product\/7303"}],"collection":[{"href":"https:\/\/www.pacoteshyatt.com.br\/sao-paulo\/wp-json\/wp\/v2\/product"}],"about":[{"href":"https:\/\/www.pacoteshyatt.com.br\/sao-paulo\/wp-json\/wp\/v2\/types\/product"}],"replies":[{"embeddable":true,"href":"https:\/\/www.pacoteshyatt.com.br\/sao-paulo\/wp-json\/wp\/v2\/comments?post=7303"}],"wp:featuredmedia":[{"embeddable":true,"href":"https:\/\/www.pacoteshyatt.com.br\/sao-paulo\/wp-json\/wp\/v2\/media\/17640"}],"wp:attachment":[{"href":"https:\/\/www.pacoteshyatt.com.br\/sao-paulo\/wp-json\/wp\/v2\/media?parent=7303"}],"wp:term":[{"taxonomy":"product_cat","embeddable":true,"href":"https:\/\/www.pacoteshyatt.com.br\/sao-paulo\/wp-json\/wp\/v2\/product_cat?post=7303"},{"taxonomy":"product_tag","embeddable":true,"href":"https:\/\/www.pacoteshyatt.com.br\/sao-paulo\/wp-json\/wp\/v2\/product_tag?post=7303"}],"curies":[{"name":"wp","href":"https:\/\/api.w.org\/{rel}","templated":true}]}}