{"id":7450,"date":"2022-10-21T11:06:24","date_gmt":"2022-10-21T14:06:24","guid":{"rendered":"https:\/\/www.pacoteshyatt.com.br\/sao-paulo\/?post_type=product&#038;p=7450"},"modified":"2025-12-26T11:32:28","modified_gmt":"2025-12-26T14:32:28","slug":"pacote-natal-hospedagem-ceia","status":"publish","type":"product","link":"https:\/\/www.pacoteshyatt.com.br\/sao-paulo\/product\/pacote-natal-hospedagem-ceia\/","title":{"rendered":"PACOTE HOSPEDAGEM DE NATAL"},"content":{"rendered":"<p data-start=\"201\" data-end=\"311\"><strong data-start=\"201\" data-end=\"309\">Viva a Magia do Natal no Grand Hyatt S\u00e3o Paulo: Hospedagem Exclusiva com Ceia<\/strong><\/p>\n<p data-start=\"313\" data-end=\"617\">Celebre o Natal em grande estilo no Grand Hyatt S\u00e3o Paulo e desfrute de uma experi\u00eancia \u00fanica em um dos hot\u00e9is mais sofisticados da cidade. Nosso <strong>Pacote de Natal<\/strong> com hospedagem e ceia, foi pensado para encantar toda a fam\u00edlia, reunindo conforto, sofistica\u00e7\u00e3o e uma programa\u00e7\u00e3o repleta de momentos inesquec\u00edveis.<\/p>\n<p data-start=\"619\" data-end=\"890\">Nosso <strong>pacote de hospedagem de Natal<\/strong> foi cuidadosamente planejado para transformar o feriado em uma celebra\u00e7\u00e3o \u00fanica. No dia 24 de dezembro, voc\u00ea ser\u00e1 recebido em um ambiente elegante e festivo para a tradicional <strong data-start=\"714\" data-end=\"749\">Ceia de Natal<\/strong>, com menu especial elaborado por nossos chefs e a presen\u00e7a m\u00e1gica do Papai Noel, que tornar\u00e1 a noite ainda mais especial para as crian\u00e7as.<\/p>\n<p data-start=\"892\" data-end=\"1134\">Ap\u00f3s uma noite de celebra\u00e7\u00e3o, relaxe em nossos quartos amplos e confort\u00e1veis e comece o dia seguinte com um caf\u00e9 da manh\u00e3 completo e variado.<\/p>\n<p data-start=\"1381\" data-end=\"1526\">Para sua comodidade, o pacote inclui estacionamento com manobrista, garantindo que voc\u00ea aproveite cada instante da celebra\u00e7\u00e3o sem preocupa\u00e7\u00f5es.<\/p>\n<p data-start=\"1528\" data-end=\"1714\">O Grand Hyatt S\u00e3o Paulo convida voc\u00ea a viver um Natal cheio de encanto, sabor e sofistica\u00e7\u00e3o. Reserve agora nosso <strong>pacote de Natal<\/strong> e escolha a melhor forma de celebrar essa data t\u00e3o especial com sua fam\u00edlia.<\/p>\n<p><strong>Para reservas com mais noites de hospedagem, ou mais de duas pessoas dentro da acomoda\u00e7\u00e3o, por gentileza entrar em contato com nossa Central de Reservas pelo saopaulo.grand@hyatt.com ou telefone 0800 880 1234<\/strong><\/p>\n","protected":false},"excerpt":{"rendered":"<p>Viva a Magia do Natal no Grand Hyatt S\u00e3o Paulo: Hospedagem Exclusiva com Ceia Celebre o Natal em grande estilo no Grand Hyatt S\u00e3o Paulo e desfrute de uma experi\u00eancia \u00fanica em um dos hot\u00e9is mais sofisticados da cidade. Nosso Pacote de Natal com hospedagem e ceia, foi pensado para encantar toda a fam\u00edlia, reunindo [&hellip;]<\/p>\n","protected":false},"featured_media":19007,"comment_status":"open","ping_status":"closed","template":"","meta":{"_eb_attr":""},"product_cat":[57,41,19],"product_tag":[],"yoast_head":"<!-- This site is optimized with the Yoast SEO plugin v18.4.1 - https:\/\/yoast.com\/wordpress\/plugins\/seo\/ -->\n<title>Pacotes de Natal: Hospedagem e Ceia 2025 - Grand Hyatt SP<\/title>\n<meta name=\"description\" content=\"Pacote de Natal no Hyatt S\u00e3o Paulo com hospedagem e ceia de Natal para 2 pessoas c\/ caf\u00e9 da manh\u00e3 incluso, visita do Papai Noel e muito mais! Adquira aqui!\" \/>\n<meta name=\"robots\" content=\"index, follow, max-snippet:-1, max-image-preview:large, max-video-preview:-1\" \/>\n<link rel=\"canonical\" href=\"https:\/\/www.pacoteshyatt.com.br\/sao-paulo\/product\/pacote-natal-hospedagem-ceia\/\" \/>\n<meta property=\"og:locale\" content=\"pt_BR\" \/>\n<meta property=\"og:type\" content=\"article\" \/>\n<meta property=\"og:title\" content=\"Pacotes de Natal: Hospedagem e Ceia 2025 - Grand Hyatt SP\" \/>\n<meta property=\"og:description\" content=\"Pacote de Natal no Hyatt S\u00e3o Paulo com hospedagem e ceia de Natal para 2 pessoas c\/ caf\u00e9 da manh\u00e3 incluso, visita do Papai Noel e muito mais! Adquira aqui!\" \/>\n<meta property=\"og:url\" content=\"https:\/\/www.pacoteshyatt.com.br\/sao-paulo\/product\/pacote-natal-hospedagem-ceia\/\" \/>\n<meta property=\"og:site_name\" content=\"GRAND HYATT S\u00c3O PAULO\" \/>\n<meta property=\"article:modified_time\" content=\"2025-12-26T14:32:28+00:00\" \/>\n<meta property=\"og:image\" content=\"https:\/\/www.pacoteshyatt.com.br\/sao-paulo\/wp-content\/uploads\/sites\/3\/2022\/10\/GHSP_FimDeAno_NatalPacote_Banner_2025_308x200px_v01.png\" \/>\n\t<meta property=\"og:image:width\" content=\"308\" \/>\n\t<meta property=\"og:image:height\" content=\"200\" \/>\n\t<meta property=\"og:image:type\" content=\"image\/png\" \/>\n<meta name=\"twitter:card\" content=\"summary_large_image\" \/>\n<meta name=\"twitter:label1\" content=\"Est. tempo de leitura\" \/>\n\t<meta name=\"twitter:data1\" content=\"2 minutos\" \/>\n<script type=\"application\/ld+json\" class=\"yoast-schema-graph\">{\"@context\":\"https:\/\/schema.org\",\"@graph\":[{\"@type\":\"WebSite\",\"@id\":\"https:\/\/www.pacoteshyatt.com.br\/sao-paulo\/#website\",\"url\":\"https:\/\/www.pacoteshyatt.com.br\/sao-paulo\/\",\"name\":\"GRAND HYATT S\u00c3O PAULO\",\"description\":\"S\u00f3 mais um site Hot\u00e9is Grand Hyatt Rio de Janeiro e S\u00e3o Paulo sites\",\"potentialAction\":[{\"@type\":\"SearchAction\",\"target\":{\"@type\":\"EntryPoint\",\"urlTemplate\":\"https:\/\/www.pacoteshyatt.com.br\/sao-paulo\/?s={search_term_string}\"},\"query-input\":\"required name=search_term_string\"}],\"inLanguage\":\"pt-BR\"},{\"@type\":\"ImageObject\",\"@id\":\"https:\/\/www.pacoteshyatt.com.br\/sao-paulo\/product\/pacote-natal-hospedagem-ceia\/#primaryimage\",\"inLanguage\":\"pt-BR\",\"url\":\"https:\/\/www.pacoteshyatt.com.br\/sao-paulo\/wp-content\/uploads\/sites\/3\/2022\/10\/GHSP_FimDeAno_NatalPacote_Banner_2025_308x200px_v01.png\",\"contentUrl\":\"https:\/\/www.pacoteshyatt.com.br\/sao-paulo\/wp-content\/uploads\/sites\/3\/2022\/10\/GHSP_FimDeAno_NatalPacote_Banner_2025_308x200px_v01.png\",\"width\":308,\"height\":200,\"caption\":\"Pacotes de Natal Grand Hyatt\"},{\"@type\":\"WebPage\",\"@id\":\"https:\/\/www.pacoteshyatt.com.br\/sao-paulo\/product\/pacote-natal-hospedagem-ceia\/#webpage\",\"url\":\"https:\/\/www.pacoteshyatt.com.br\/sao-paulo\/product\/pacote-natal-hospedagem-ceia\/\",\"name\":\"Pacotes de Natal: Hospedagem e Ceia 2025 - Grand Hyatt SP\",\"isPartOf\":{\"@id\":\"https:\/\/www.pacoteshyatt.com.br\/sao-paulo\/#website\"},\"primaryImageOfPage\":{\"@id\":\"https:\/\/www.pacoteshyatt.com.br\/sao-paulo\/product\/pacote-natal-hospedagem-ceia\/#primaryimage\"},\"datePublished\":\"2022-10-21T14:06:24+00:00\",\"dateModified\":\"2025-12-26T14:32:28+00:00\",\"description\":\"Pacote de Natal no Hyatt S\u00e3o Paulo com hospedagem e ceia de Natal para 2 pessoas c\/ caf\u00e9 da manh\u00e3 incluso, visita do Papai Noel e muito mais! Adquira aqui!\",\"breadcrumb\":{\"@id\":\"https:\/\/www.pacoteshyatt.com.br\/sao-paulo\/product\/pacote-natal-hospedagem-ceia\/#breadcrumb\"},\"inLanguage\":\"pt-BR\",\"potentialAction\":[{\"@type\":\"ReadAction\",\"target\":[\"https:\/\/www.pacoteshyatt.com.br\/sao-paulo\/product\/pacote-natal-hospedagem-ceia\/\"]}]},{\"@type\":\"BreadcrumbList\",\"@id\":\"https:\/\/www.pacoteshyatt.com.br\/sao-paulo\/product\/pacote-natal-hospedagem-ceia\/#breadcrumb\",\"itemListElement\":[{\"@type\":\"ListItem\",\"position\":1,\"name\":\"Home\",\"item\":\"https:\/\/www.pacoteshyatt.com.br\/sao-paulo\/\"},{\"@type\":\"ListItem\",\"position\":2,\"name\":\"Shop\",\"item\":\"https:\/\/www.pacoteshyatt.com.br\/sao-paulo\/shop\/\"},{\"@type\":\"ListItem\",\"position\":3,\"name\":\"PACOTE HOSPEDAGEM DE NATAL\"}]}]}<\/script>\n<!-- \/ Yoast SEO plugin. -->","yoast_head_json":{"title":"Pacotes de Natal: Hospedagem e Ceia 2025 - Grand Hyatt SP","description":"Pacote de Natal no Hyatt S\u00e3o Paulo com hospedagem e ceia de Natal para 2 pessoas c\/ caf\u00e9 da manh\u00e3 incluso, visita do Papai Noel e muito mais! Adquira aqui!","robots":{"index":"index","follow":"follow","max-snippet":"max-snippet:-1","max-image-preview":"max-image-preview:large","max-video-preview":"max-video-preview:-1"},"canonical":"https:\/\/www.pacoteshyatt.com.br\/sao-paulo\/product\/pacote-natal-hospedagem-ceia\/","og_locale":"pt_BR","og_type":"article","og_title":"Pacotes de Natal: Hospedagem e Ceia 2025 - Grand Hyatt SP","og_description":"Pacote de Natal no Hyatt S\u00e3o Paulo com hospedagem e ceia de Natal para 2 pessoas c\/ caf\u00e9 da manh\u00e3 incluso, visita do Papai Noel e muito mais! Adquira aqui!","og_url":"https:\/\/www.pacoteshyatt.com.br\/sao-paulo\/product\/pacote-natal-hospedagem-ceia\/","og_site_name":"GRAND HYATT S\u00c3O PAULO","article_modified_time":"2025-12-26T14:32:28+00:00","og_image":[{"width":308,"height":200,"url":"https:\/\/www.pacoteshyatt.com.br\/sao-paulo\/wp-content\/uploads\/sites\/3\/2022\/10\/GHSP_FimDeAno_NatalPacote_Banner_2025_308x200px_v01.png","type":"image\/png"}],"twitter_card":"summary_large_image","twitter_misc":{"Est. tempo de leitura":"2 minutos"},"schema":{"@context":"https:\/\/schema.org","@graph":[{"@type":"WebSite","@id":"https:\/\/www.pacoteshyatt.com.br\/sao-paulo\/#website","url":"https:\/\/www.pacoteshyatt.com.br\/sao-paulo\/","name":"GRAND HYATT S\u00c3O PAULO","description":"S\u00f3 mais um site Hot\u00e9is Grand Hyatt Rio de Janeiro e S\u00e3o Paulo sites","potentialAction":[{"@type":"SearchAction","target":{"@type":"EntryPoint","urlTemplate":"https:\/\/www.pacoteshyatt.com.br\/sao-paulo\/?s={search_term_string}"},"query-input":"required name=search_term_string"}],"inLanguage":"pt-BR"},{"@type":"ImageObject","@id":"https:\/\/www.pacoteshyatt.com.br\/sao-paulo\/product\/pacote-natal-hospedagem-ceia\/#primaryimage","inLanguage":"pt-BR","url":"https:\/\/www.pacoteshyatt.com.br\/sao-paulo\/wp-content\/uploads\/sites\/3\/2022\/10\/GHSP_FimDeAno_NatalPacote_Banner_2025_308x200px_v01.png","contentUrl":"https:\/\/www.pacoteshyatt.com.br\/sao-paulo\/wp-content\/uploads\/sites\/3\/2022\/10\/GHSP_FimDeAno_NatalPacote_Banner_2025_308x200px_v01.png","width":308,"height":200,"caption":"Pacotes de Natal Grand Hyatt"},{"@type":"WebPage","@id":"https:\/\/www.pacoteshyatt.com.br\/sao-paulo\/product\/pacote-natal-hospedagem-ceia\/#webpage","url":"https:\/\/www.pacoteshyatt.com.br\/sao-paulo\/product\/pacote-natal-hospedagem-ceia\/","name":"Pacotes de Natal: Hospedagem e Ceia 2025 - Grand Hyatt SP","isPartOf":{"@id":"https:\/\/www.pacoteshyatt.com.br\/sao-paulo\/#website"},"primaryImageOfPage":{"@id":"https:\/\/www.pacoteshyatt.com.br\/sao-paulo\/product\/pacote-natal-hospedagem-ceia\/#primaryimage"},"datePublished":"2022-10-21T14:06:24+00:00","dateModified":"2025-12-26T14:32:28+00:00","description":"Pacote de Natal no Hyatt S\u00e3o Paulo com hospedagem e ceia de Natal para 2 pessoas c\/ caf\u00e9 da manh\u00e3 incluso, visita do Papai Noel e muito mais! Adquira aqui!","breadcrumb":{"@id":"https:\/\/www.pacoteshyatt.com.br\/sao-paulo\/product\/pacote-natal-hospedagem-ceia\/#breadcrumb"},"inLanguage":"pt-BR","potentialAction":[{"@type":"ReadAction","target":["https:\/\/www.pacoteshyatt.com.br\/sao-paulo\/product\/pacote-natal-hospedagem-ceia\/"]}]},{"@type":"BreadcrumbList","@id":"https:\/\/www.pacoteshyatt.com.br\/sao-paulo\/product\/pacote-natal-hospedagem-ceia\/#breadcrumb","itemListElement":[{"@type":"ListItem","position":1,"name":"Home","item":"https:\/\/www.pacoteshyatt.com.br\/sao-paulo\/"},{"@type":"ListItem","position":2,"name":"Shop","item":"https:\/\/www.pacoteshyatt.com.br\/sao-paulo\/shop\/"},{"@type":"ListItem","position":3,"name":"PACOTE HOSPEDAGEM DE NATAL"}]}]}},"_links":{"self":[{"href":"https:\/\/www.pacoteshyatt.com.br\/sao-paulo\/wp-json\/wp\/v2\/product\/7450"}],"collection":[{"href":"https:\/\/www.pacoteshyatt.com.br\/sao-paulo\/wp-json\/wp\/v2\/product"}],"about":[{"href":"https:\/\/www.pacoteshyatt.com.br\/sao-paulo\/wp-json\/wp\/v2\/types\/product"}],"replies":[{"embeddable":true,"href":"https:\/\/www.pacoteshyatt.com.br\/sao-paulo\/wp-json\/wp\/v2\/comments?post=7450"}],"wp:featuredmedia":[{"embeddable":true,"href":"https:\/\/www.pacoteshyatt.com.br\/sao-paulo\/wp-json\/wp\/v2\/media\/19007"}],"wp:attachment":[{"href":"https:\/\/www.pacoteshyatt.com.br\/sao-paulo\/wp-json\/wp\/v2\/media?parent=7450"}],"wp:term":[{"taxonomy":"product_cat","embeddable":true,"href":"https:\/\/www.pacoteshyatt.com.br\/sao-paulo\/wp-json\/wp\/v2\/product_cat?post=7450"},{"taxonomy":"product_tag","embeddable":true,"href":"https:\/\/www.pacoteshyatt.com.br\/sao-paulo\/wp-json\/wp\/v2\/product_tag?post=7450"}],"curies":[{"name":"wp","href":"https:\/\/api.w.org\/{rel}","templated":true}]}}