{"id":77,"date":"2020-10-05T12:24:18","date_gmt":"2020-10-05T15:24:18","guid":{"rendered":"https:\/\/www.pacoteshyatt.com.br\/sao-paulo\/?post_type=product&#038;p=77"},"modified":"2026-03-31T16:36:15","modified_gmt":"2026-03-31T19:36:15","slug":"pacote-romance","status":"publish","type":"product","link":"https:\/\/www.pacoteshyatt.com.br\/sao-paulo\/product\/pacote-romance\/","title":{"rendered":"PACOTE ROMANCE"},"content":{"rendered":"<p>D\u00ea um passo al\u00e9m da rotina e permita-se ser envolvido por uma experi\u00eancia cuidadosamente planejada. Com o <strong>Pacote Romance<\/strong>, exclusivo do Grand Hyatt S\u00e3o Paulo, surpreenda sua pessoa amada com uma estadia inesquec\u00edvel, repleta de mimos e momentos especiais.<\/p>\n<p>Ao chegar no quarto, voc\u00eas ser\u00e3o recebidos com um lindo buqu\u00ea de flores, adicionando um toque rom\u00e2ntico ao ambiente. Para brindar a ocasi\u00e3o, uma garrafa de espumante estar\u00e1 \u00e0 sua espera, proporcionando momentos de celebra\u00e7\u00e3o e intimidade. Al\u00e9m disso, um delicioso chocolate ser\u00e1 disponibilizado para ado\u00e7ar ainda mais a estadia.<\/p>\n<p>Desfrute de cada mordida enquanto aproveitam a companhia um do outro em meio ao luxo e conforto do hotel. O caf\u00e9 da manh\u00e3 pode ser servido no quarto ou no Restaurante Cittadino, onde voc\u00eas poder\u00e3o saborear uma variedade de op\u00e7\u00f5es deliciosas, desde pratos quentes at\u00e9 uma sele\u00e7\u00e3o fresca de frutas e p\u00e3es, garantindo um come\u00e7o de dia perfeito juntos. E para tornar sua estadia ainda mais conveniente, o estacionamento para um ve\u00edculo ser\u00e1 cortesia, garantindo uma experi\u00eancia tranquila e livre de preocupa\u00e7\u00f5es.<\/p>\n<p>Al\u00e9m disso, aproveite o late checkout \u00e0s 16h00, permitindo que aproveitem ainda mais dos momentos juntos. A pol\u00edtica de cancelamento flex\u00edvel de 72 horas proporciona tranquilidade na sua reserva.<\/p>\n<p>Criado para proporcionar uma noite memor\u00e1vel, repleta de cuidados e detalhes que fazem toda a diferen\u00e7a, e com uma combina\u00e7\u00e3o de conforto, romance e praticidade, este pacote de hospedagem \u00e9 a escolha ideal para quem deseja celebrar o amor.<\/p>\n<p>Reserve agora e presenteie seu parceiro(a) com uma estadia inesquec\u00edvel com o <strong>Pacote Romance do Grand Hyatt S\u00e3o Paulo<\/strong>.<\/p>\n<p>&nbsp;<\/p>\n<p><img loading=\"lazy\" class=\"aligncenter wp-image-12932\" src=\"https:\/\/www.pacoteshyatt.com.br\/sao-paulo\/wp-content\/uploads\/sites\/3\/2021\/05\/Grand-Valentines-300x138.png\" alt=\"presente de buqu\u00ea e kit champanhe do grand hyatt sp\" width=\"700\" height=\"322\" srcset=\"https:\/\/www.pacoteshyatt.com.br\/sao-paulo\/wp-content\/uploads\/sites\/3\/2021\/05\/Grand-Valentines-300x138.png 300w, https:\/\/www.pacoteshyatt.com.br\/sao-paulo\/wp-content\/uploads\/sites\/3\/2021\/05\/Grand-Valentines-768x353.png 768w, https:\/\/www.pacoteshyatt.com.br\/sao-paulo\/wp-content\/uploads\/sites\/3\/2021\/05\/Grand-Valentines-308x142.png 308w, https:\/\/www.pacoteshyatt.com.br\/sao-paulo\/wp-content\/uploads\/sites\/3\/2021\/05\/Grand-Valentines-348x160.png 348w, https:\/\/www.pacoteshyatt.com.br\/sao-paulo\/wp-content\/uploads\/sites\/3\/2021\/05\/Grand-Valentines.png 975w\" sizes=\"(max-width: 700px) 100vw, 700px\" \/><\/p>\n","protected":false},"excerpt":{"rendered":"<p>D\u00ea um passo al\u00e9m da rotina e permita-se ser envolvido por uma experi\u00eancia cuidadosamente planejada. Com o Pacote Romance, exclusivo do Grand Hyatt S\u00e3o Paulo, surpreenda sua pessoa amada com uma estadia inesquec\u00edvel, repleta de mimos e momentos especiais. Ao chegar no quarto, voc\u00eas ser\u00e3o recebidos com um lindo buqu\u00ea de flores, adicionando um toque [&hellip;]<\/p>\n","protected":false},"featured_media":2421,"comment_status":"open","ping_status":"closed","template":"","meta":{"_eb_attr":""},"product_cat":[19],"product_tag":[],"yoast_head":"<!-- This site is optimized with the Yoast SEO plugin v18.4.1 - https:\/\/yoast.com\/wordpress\/plugins\/seo\/ -->\n<title>Pacote Noite Rom\u00e2ntica - Hotel Grand Hyatt S\u00e3o Paulo<\/title>\n<meta name=\"description\" content=\"Desperte o amor com sofistica\u00e7\u00e3o e prazer com o Pacote Romance. Uma noite de luxo no Grand Room, cheia de experi\u00eancias para o casal. Saiba mais e reserve:\" \/>\n<meta name=\"robots\" content=\"index, follow, max-snippet:-1, max-image-preview:large, max-video-preview:-1\" \/>\n<link rel=\"canonical\" href=\"https:\/\/www.pacoteshyatt.com.br\/sao-paulo\/product\/pacote-romance\/\" \/>\n<meta property=\"og:locale\" content=\"pt_BR\" \/>\n<meta property=\"og:type\" content=\"article\" \/>\n<meta property=\"og:title\" content=\"Pacote Noite Rom\u00e2ntica - Hotel Grand Hyatt S\u00e3o Paulo\" \/>\n<meta property=\"og:description\" content=\"Desperte o amor com sofistica\u00e7\u00e3o e prazer com o Pacote Romance. Uma noite de luxo no Grand Room, cheia de experi\u00eancias para o casal. Saiba mais e reserve:\" \/>\n<meta property=\"og:url\" content=\"https:\/\/www.pacoteshyatt.com.br\/sao-paulo\/product\/pacote-romance\/\" \/>\n<meta property=\"og:site_name\" content=\"GRAND HYATT S\u00c3O PAULO\" \/>\n<meta property=\"article:modified_time\" content=\"2026-03-31T19:36:15+00:00\" \/>\n<meta property=\"og:image\" content=\"https:\/\/www.pacoteshyatt.com.br\/sao-paulo\/wp-content\/uploads\/sites\/3\/2020\/10\/romance.jpg\" \/>\n\t<meta property=\"og:image:width\" content=\"308\" \/>\n\t<meta property=\"og:image:height\" content=\"200\" \/>\n\t<meta property=\"og:image:type\" content=\"image\/jpeg\" \/>\n<meta name=\"twitter:card\" content=\"summary_large_image\" \/>\n<meta name=\"twitter:label1\" content=\"Est. tempo de leitura\" \/>\n\t<meta name=\"twitter:data1\" content=\"2 minutos\" \/>\n<script type=\"application\/ld+json\" class=\"yoast-schema-graph\">{\"@context\":\"https:\/\/schema.org\",\"@graph\":[{\"@type\":\"WebSite\",\"@id\":\"https:\/\/www.pacoteshyatt.com.br\/sao-paulo\/#website\",\"url\":\"https:\/\/www.pacoteshyatt.com.br\/sao-paulo\/\",\"name\":\"GRAND HYATT S\u00c3O PAULO\",\"description\":\"S\u00f3 mais um site Hot\u00e9is Grand Hyatt Rio de Janeiro e S\u00e3o Paulo sites\",\"potentialAction\":[{\"@type\":\"SearchAction\",\"target\":{\"@type\":\"EntryPoint\",\"urlTemplate\":\"https:\/\/www.pacoteshyatt.com.br\/sao-paulo\/?s={search_term_string}\"},\"query-input\":\"required name=search_term_string\"}],\"inLanguage\":\"pt-BR\"},{\"@type\":\"ImageObject\",\"@id\":\"https:\/\/www.pacoteshyatt.com.br\/sao-paulo\/product\/pacote-romance\/#primaryimage\",\"inLanguage\":\"pt-BR\",\"url\":\"https:\/\/www.pacoteshyatt.com.br\/sao-paulo\/wp-content\/uploads\/sites\/3\/2020\/10\/romance.jpg\",\"contentUrl\":\"https:\/\/www.pacoteshyatt.com.br\/sao-paulo\/wp-content\/uploads\/sites\/3\/2020\/10\/romance.jpg\",\"width\":308,\"height\":200,\"caption\":\"Pacote noite rom\u00e2ntica hotel sp\"},{\"@type\":\"WebPage\",\"@id\":\"https:\/\/www.pacoteshyatt.com.br\/sao-paulo\/product\/pacote-romance\/#webpage\",\"url\":\"https:\/\/www.pacoteshyatt.com.br\/sao-paulo\/product\/pacote-romance\/\",\"name\":\"Pacote Noite Rom\u00e2ntica - Hotel Grand Hyatt S\u00e3o Paulo\",\"isPartOf\":{\"@id\":\"https:\/\/www.pacoteshyatt.com.br\/sao-paulo\/#website\"},\"primaryImageOfPage\":{\"@id\":\"https:\/\/www.pacoteshyatt.com.br\/sao-paulo\/product\/pacote-romance\/#primaryimage\"},\"datePublished\":\"2020-10-05T15:24:18+00:00\",\"dateModified\":\"2026-03-31T19:36:15+00:00\",\"description\":\"Desperte o amor com sofistica\u00e7\u00e3o e prazer com o Pacote Romance. Uma noite de luxo no Grand Room, cheia de experi\u00eancias para o casal. Saiba mais e reserve:\",\"breadcrumb\":{\"@id\":\"https:\/\/www.pacoteshyatt.com.br\/sao-paulo\/product\/pacote-romance\/#breadcrumb\"},\"inLanguage\":\"pt-BR\",\"potentialAction\":[{\"@type\":\"ReadAction\",\"target\":[\"https:\/\/www.pacoteshyatt.com.br\/sao-paulo\/product\/pacote-romance\/\"]}]},{\"@type\":\"BreadcrumbList\",\"@id\":\"https:\/\/www.pacoteshyatt.com.br\/sao-paulo\/product\/pacote-romance\/#breadcrumb\",\"itemListElement\":[{\"@type\":\"ListItem\",\"position\":1,\"name\":\"Home\",\"item\":\"https:\/\/www.pacoteshyatt.com.br\/sao-paulo\/\"},{\"@type\":\"ListItem\",\"position\":2,\"name\":\"Shop\",\"item\":\"https:\/\/www.pacoteshyatt.com.br\/sao-paulo\/shop\/\"},{\"@type\":\"ListItem\",\"position\":3,\"name\":\"PACOTE ROMANCE\"}]}]}<\/script>\n<!-- \/ Yoast SEO plugin. -->","yoast_head_json":{"title":"Pacote Noite Rom\u00e2ntica - Hotel Grand Hyatt S\u00e3o Paulo","description":"Desperte o amor com sofistica\u00e7\u00e3o e prazer com o Pacote Romance. Uma noite de luxo no Grand Room, cheia de experi\u00eancias para o casal. Saiba mais e reserve:","robots":{"index":"index","follow":"follow","max-snippet":"max-snippet:-1","max-image-preview":"max-image-preview:large","max-video-preview":"max-video-preview:-1"},"canonical":"https:\/\/www.pacoteshyatt.com.br\/sao-paulo\/product\/pacote-romance\/","og_locale":"pt_BR","og_type":"article","og_title":"Pacote Noite Rom\u00e2ntica - Hotel Grand Hyatt S\u00e3o Paulo","og_description":"Desperte o amor com sofistica\u00e7\u00e3o e prazer com o Pacote Romance. Uma noite de luxo no Grand Room, cheia de experi\u00eancias para o casal. Saiba mais e reserve:","og_url":"https:\/\/www.pacoteshyatt.com.br\/sao-paulo\/product\/pacote-romance\/","og_site_name":"GRAND HYATT S\u00c3O PAULO","article_modified_time":"2026-03-31T19:36:15+00:00","og_image":[{"width":308,"height":200,"url":"https:\/\/www.pacoteshyatt.com.br\/sao-paulo\/wp-content\/uploads\/sites\/3\/2020\/10\/romance.jpg","type":"image\/jpeg"}],"twitter_card":"summary_large_image","twitter_misc":{"Est. tempo de leitura":"2 minutos"},"schema":{"@context":"https:\/\/schema.org","@graph":[{"@type":"WebSite","@id":"https:\/\/www.pacoteshyatt.com.br\/sao-paulo\/#website","url":"https:\/\/www.pacoteshyatt.com.br\/sao-paulo\/","name":"GRAND HYATT S\u00c3O PAULO","description":"S\u00f3 mais um site Hot\u00e9is Grand Hyatt Rio de Janeiro e S\u00e3o Paulo sites","potentialAction":[{"@type":"SearchAction","target":{"@type":"EntryPoint","urlTemplate":"https:\/\/www.pacoteshyatt.com.br\/sao-paulo\/?s={search_term_string}"},"query-input":"required name=search_term_string"}],"inLanguage":"pt-BR"},{"@type":"ImageObject","@id":"https:\/\/www.pacoteshyatt.com.br\/sao-paulo\/product\/pacote-romance\/#primaryimage","inLanguage":"pt-BR","url":"https:\/\/www.pacoteshyatt.com.br\/sao-paulo\/wp-content\/uploads\/sites\/3\/2020\/10\/romance.jpg","contentUrl":"https:\/\/www.pacoteshyatt.com.br\/sao-paulo\/wp-content\/uploads\/sites\/3\/2020\/10\/romance.jpg","width":308,"height":200,"caption":"Pacote noite rom\u00e2ntica hotel sp"},{"@type":"WebPage","@id":"https:\/\/www.pacoteshyatt.com.br\/sao-paulo\/product\/pacote-romance\/#webpage","url":"https:\/\/www.pacoteshyatt.com.br\/sao-paulo\/product\/pacote-romance\/","name":"Pacote Noite Rom\u00e2ntica - Hotel Grand Hyatt S\u00e3o Paulo","isPartOf":{"@id":"https:\/\/www.pacoteshyatt.com.br\/sao-paulo\/#website"},"primaryImageOfPage":{"@id":"https:\/\/www.pacoteshyatt.com.br\/sao-paulo\/product\/pacote-romance\/#primaryimage"},"datePublished":"2020-10-05T15:24:18+00:00","dateModified":"2026-03-31T19:36:15+00:00","description":"Desperte o amor com sofistica\u00e7\u00e3o e prazer com o Pacote Romance. Uma noite de luxo no Grand Room, cheia de experi\u00eancias para o casal. Saiba mais e reserve:","breadcrumb":{"@id":"https:\/\/www.pacoteshyatt.com.br\/sao-paulo\/product\/pacote-romance\/#breadcrumb"},"inLanguage":"pt-BR","potentialAction":[{"@type":"ReadAction","target":["https:\/\/www.pacoteshyatt.com.br\/sao-paulo\/product\/pacote-romance\/"]}]},{"@type":"BreadcrumbList","@id":"https:\/\/www.pacoteshyatt.com.br\/sao-paulo\/product\/pacote-romance\/#breadcrumb","itemListElement":[{"@type":"ListItem","position":1,"name":"Home","item":"https:\/\/www.pacoteshyatt.com.br\/sao-paulo\/"},{"@type":"ListItem","position":2,"name":"Shop","item":"https:\/\/www.pacoteshyatt.com.br\/sao-paulo\/shop\/"},{"@type":"ListItem","position":3,"name":"PACOTE ROMANCE"}]}]}},"_links":{"self":[{"href":"https:\/\/www.pacoteshyatt.com.br\/sao-paulo\/wp-json\/wp\/v2\/product\/77"}],"collection":[{"href":"https:\/\/www.pacoteshyatt.com.br\/sao-paulo\/wp-json\/wp\/v2\/product"}],"about":[{"href":"https:\/\/www.pacoteshyatt.com.br\/sao-paulo\/wp-json\/wp\/v2\/types\/product"}],"replies":[{"embeddable":true,"href":"https:\/\/www.pacoteshyatt.com.br\/sao-paulo\/wp-json\/wp\/v2\/comments?post=77"}],"wp:featuredmedia":[{"embeddable":true,"href":"https:\/\/www.pacoteshyatt.com.br\/sao-paulo\/wp-json\/wp\/v2\/media\/2421"}],"wp:attachment":[{"href":"https:\/\/www.pacoteshyatt.com.br\/sao-paulo\/wp-json\/wp\/v2\/media?parent=77"}],"wp:term":[{"taxonomy":"product_cat","embeddable":true,"href":"https:\/\/www.pacoteshyatt.com.br\/sao-paulo\/wp-json\/wp\/v2\/product_cat?post=77"},{"taxonomy":"product_tag","embeddable":true,"href":"https:\/\/www.pacoteshyatt.com.br\/sao-paulo\/wp-json\/wp\/v2\/product_tag?post=77"}],"curies":[{"name":"wp","href":"https:\/\/api.w.org\/{rel}","templated":true}]}}