{"id":81,"date":"2020-10-05T12:31:44","date_gmt":"2020-10-05T15:31:44","guid":{"rendered":"https:\/\/www.pacoteshyatt.com.br\/sao-paulo\/?post_type=product&#038;p=81"},"modified":"2025-09-29T11:04:20","modified_gmt":"2025-09-29T14:04:20","slug":"pacote-noite-de-nupcias","status":"publish","type":"product","link":"https:\/\/www.pacoteshyatt.com.br\/sao-paulo\/product\/pacote-noite-de-nupcias\/","title":{"rendered":"PACOTE NOITE DE N\u00daPCIAS"},"content":{"rendered":"<p>A sua <strong>Noite de N\u00fapcias<\/strong> merece ser inesquec\u00edvel, e pensando nisso, preparamos um pacote exclusivo, idealizado para que cada detalhe seja cuidadosamente pensado para tornar a celabra\u00e7\u00e3o do casamento ainda mais especial.<\/p>\n<p>Com o <strong>Pacote Noite de N\u00fapcias<\/strong>, voc\u00eas ir\u00e3o desfrutar de uma hospedagem rom\u00e2ntica com caf\u00e9 da manh\u00e3 incluso, espumante, flores e chocolate na acomoda\u00e7\u00e3o, al\u00e9m de late check-out garantido at\u00e9 as 16h, para voc\u00eas aproveitarem cada segundo desse dia memor\u00e1vel.<\/p>\n<p>Conte com todas as facilidades de um<strong>\u00a0hotel 5 estrelas<\/strong>, com estrutura moderna, acomoda\u00e7\u00e3o com vista panor\u00e2mica da cidade de S\u00e3o Paulo, acesso \u00e0 sauna seca, Fitness Center e piscinas interna climatizada e externa.<\/p>\n<p>O caf\u00e9 da manh\u00e3 \u00e9 um espet\u00e1culo a parte, servido no Restaurante C, ele conta com diversas op\u00e7\u00f5es de p\u00e3es, frutas, sucos, muffins, waffles, panquecas com Maple Syrup, ovos Poch\u00ea e Beneditino, e muito mais.<\/p>\n<p>&nbsp;<\/p>\n<p><strong>O pacote inclui:<\/strong><\/p>\n<p>\u2013 Hospedagem em apartamento Grand Room (acomoda\u00e7\u00e3o standard, sem vista garantida)**;<br \/>\n\u2013 Caf\u00e9 da manh\u00e3 servido no quarto ou restaurante<br \/>\n\u2013 Buqu\u00ea de rosas<br \/>\n\u2013 Decora\u00e7\u00e3o com 2 vasos solit\u00e1rios;<br \/>\n\u2013 Chocolate, Espumante;<br \/>\n\u2013 Late checkout at\u00e9 \u00e0s 16h;<br \/>\n\u2013 Estacionamento com manobrista, para 1 ve\u00edculo;<\/p>\n<p>Confira nossa Op\u00e7\u00e3o de Pacote Romance Premium<\/p>\n<p>Desfrute da Noite de N\u00fapcias no Grand Hyatt S\u00e3o Paulo!<\/p>\n<p>&nbsp;<\/p>\n<p><strong>Este voucher \u00e9 v\u00e1lido por 1 ano ap\u00f3s a data da compra. Consulte disponibilidade em saopaulo.grand@hyatt.com<\/strong><\/p>\n","protected":false},"excerpt":{"rendered":"<p>A sua Noite de N\u00fapcias merece ser inesquec\u00edvel, e pensando nisso, preparamos um pacote exclusivo, idealizado para que cada detalhe seja cuidadosamente pensado para tornar a celabra\u00e7\u00e3o do casamento ainda mais especial. Com o Pacote Noite de N\u00fapcias, voc\u00eas ir\u00e3o desfrutar de uma hospedagem rom\u00e2ntica com caf\u00e9 da manh\u00e3 incluso, espumante, flores e chocolate na [&hellip;]<\/p>\n","protected":false},"featured_media":1371,"comment_status":"open","ping_status":"closed","template":"","meta":{"_eb_attr":""},"product_cat":[19,30],"product_tag":[],"yoast_head":"<!-- This site is optimized with the Yoast SEO plugin v18.4.1 - https:\/\/yoast.com\/wordpress\/plugins\/seo\/ -->\n<title>Noite de N\u00fapcias em Hotel com Pacote Completo - G. Hyatt SP<\/title>\n<meta name=\"description\" content=\"Desfrute da Noite de N\u00fapcias no Grand Hyatt S\u00e3o Paulo. Pensamos cuidadosamente em todos os detalhes para tornar esse dia \u00fanico e inesquec\u00edvel.\" \/>\n<meta name=\"robots\" content=\"index, follow, max-snippet:-1, max-image-preview:large, max-video-preview:-1\" \/>\n<link rel=\"canonical\" href=\"https:\/\/www.pacoteshyatt.com.br\/sao-paulo\/product\/pacote-noite-de-nupcias\/\" \/>\n<meta property=\"og:locale\" content=\"pt_BR\" \/>\n<meta property=\"og:type\" content=\"article\" \/>\n<meta property=\"og:title\" content=\"Noite de N\u00fapcias em Hotel com Pacote Completo - G. Hyatt SP\" \/>\n<meta property=\"og:description\" content=\"Desfrute da Noite de N\u00fapcias no Grand Hyatt S\u00e3o Paulo. Pensamos cuidadosamente em todos os detalhes para tornar esse dia \u00fanico e inesquec\u00edvel.\" \/>\n<meta property=\"og:url\" content=\"https:\/\/www.pacoteshyatt.com.br\/sao-paulo\/product\/pacote-noite-de-nupcias\/\" \/>\n<meta property=\"og:site_name\" content=\"GRAND HYATT S\u00c3O PAULO\" \/>\n<meta property=\"article:modified_time\" content=\"2025-09-29T14:04:20+00:00\" \/>\n<meta property=\"og:image\" content=\"https:\/\/www.pacoteshyatt.com.br\/sao-paulo\/wp-content\/uploads\/sites\/3\/2020\/10\/nupcias-1.jpg\" \/>\n\t<meta property=\"og:image:width\" content=\"308\" \/>\n\t<meta property=\"og:image:height\" content=\"200\" \/>\n\t<meta property=\"og:image:type\" content=\"image\/jpeg\" \/>\n<meta name=\"twitter:card\" content=\"summary_large_image\" \/>\n<meta name=\"twitter:label1\" content=\"Est. tempo de leitura\" \/>\n\t<meta name=\"twitter:data1\" content=\"2 minutos\" \/>\n<script type=\"application\/ld+json\" class=\"yoast-schema-graph\">{\"@context\":\"https:\/\/schema.org\",\"@graph\":[{\"@type\":\"WebSite\",\"@id\":\"https:\/\/www.pacoteshyatt.com.br\/sao-paulo\/#website\",\"url\":\"https:\/\/www.pacoteshyatt.com.br\/sao-paulo\/\",\"name\":\"GRAND HYATT S\u00c3O PAULO\",\"description\":\"S\u00f3 mais um site Hot\u00e9is Grand Hyatt Rio de Janeiro e S\u00e3o Paulo sites\",\"potentialAction\":[{\"@type\":\"SearchAction\",\"target\":{\"@type\":\"EntryPoint\",\"urlTemplate\":\"https:\/\/www.pacoteshyatt.com.br\/sao-paulo\/?s={search_term_string}\"},\"query-input\":\"required name=search_term_string\"}],\"inLanguage\":\"pt-BR\"},{\"@type\":\"ImageObject\",\"@id\":\"https:\/\/www.pacoteshyatt.com.br\/sao-paulo\/product\/pacote-noite-de-nupcias\/#primaryimage\",\"inLanguage\":\"pt-BR\",\"url\":\"https:\/\/www.pacoteshyatt.com.br\/sao-paulo\/wp-content\/uploads\/sites\/3\/2020\/10\/nupcias-1.jpg\",\"contentUrl\":\"https:\/\/www.pacoteshyatt.com.br\/sao-paulo\/wp-content\/uploads\/sites\/3\/2020\/10\/nupcias-1.jpg\",\"width\":308,\"height\":200,\"caption\":\"Noivos na noite de n\u00fapcias no Grand Hyatt SP\"},{\"@type\":\"WebPage\",\"@id\":\"https:\/\/www.pacoteshyatt.com.br\/sao-paulo\/product\/pacote-noite-de-nupcias\/#webpage\",\"url\":\"https:\/\/www.pacoteshyatt.com.br\/sao-paulo\/product\/pacote-noite-de-nupcias\/\",\"name\":\"Noite de N\u00fapcias em Hotel com Pacote Completo - G. Hyatt SP\",\"isPartOf\":{\"@id\":\"https:\/\/www.pacoteshyatt.com.br\/sao-paulo\/#website\"},\"primaryImageOfPage\":{\"@id\":\"https:\/\/www.pacoteshyatt.com.br\/sao-paulo\/product\/pacote-noite-de-nupcias\/#primaryimage\"},\"datePublished\":\"2020-10-05T15:31:44+00:00\",\"dateModified\":\"2025-09-29T14:04:20+00:00\",\"description\":\"Desfrute da Noite de N\u00fapcias no Grand Hyatt S\u00e3o Paulo. Pensamos cuidadosamente em todos os detalhes para tornar esse dia \u00fanico e inesquec\u00edvel.\",\"breadcrumb\":{\"@id\":\"https:\/\/www.pacoteshyatt.com.br\/sao-paulo\/product\/pacote-noite-de-nupcias\/#breadcrumb\"},\"inLanguage\":\"pt-BR\",\"potentialAction\":[{\"@type\":\"ReadAction\",\"target\":[\"https:\/\/www.pacoteshyatt.com.br\/sao-paulo\/product\/pacote-noite-de-nupcias\/\"]}]},{\"@type\":\"BreadcrumbList\",\"@id\":\"https:\/\/www.pacoteshyatt.com.br\/sao-paulo\/product\/pacote-noite-de-nupcias\/#breadcrumb\",\"itemListElement\":[{\"@type\":\"ListItem\",\"position\":1,\"name\":\"Home\",\"item\":\"https:\/\/www.pacoteshyatt.com.br\/sao-paulo\/\"},{\"@type\":\"ListItem\",\"position\":2,\"name\":\"Shop\",\"item\":\"https:\/\/www.pacoteshyatt.com.br\/sao-paulo\/shop\/\"},{\"@type\":\"ListItem\",\"position\":3,\"name\":\"PACOTE NOITE DE N\u00daPCIAS\"}]}]}<\/script>\n<!-- \/ Yoast SEO plugin. -->","yoast_head_json":{"title":"Noite de N\u00fapcias em Hotel com Pacote Completo - G. Hyatt SP","description":"Desfrute da Noite de N\u00fapcias no Grand Hyatt S\u00e3o Paulo. Pensamos cuidadosamente em todos os detalhes para tornar esse dia \u00fanico e inesquec\u00edvel.","robots":{"index":"index","follow":"follow","max-snippet":"max-snippet:-1","max-image-preview":"max-image-preview:large","max-video-preview":"max-video-preview:-1"},"canonical":"https:\/\/www.pacoteshyatt.com.br\/sao-paulo\/product\/pacote-noite-de-nupcias\/","og_locale":"pt_BR","og_type":"article","og_title":"Noite de N\u00fapcias em Hotel com Pacote Completo - G. Hyatt SP","og_description":"Desfrute da Noite de N\u00fapcias no Grand Hyatt S\u00e3o Paulo. Pensamos cuidadosamente em todos os detalhes para tornar esse dia \u00fanico e inesquec\u00edvel.","og_url":"https:\/\/www.pacoteshyatt.com.br\/sao-paulo\/product\/pacote-noite-de-nupcias\/","og_site_name":"GRAND HYATT S\u00c3O PAULO","article_modified_time":"2025-09-29T14:04:20+00:00","og_image":[{"width":308,"height":200,"url":"https:\/\/www.pacoteshyatt.com.br\/sao-paulo\/wp-content\/uploads\/sites\/3\/2020\/10\/nupcias-1.jpg","type":"image\/jpeg"}],"twitter_card":"summary_large_image","twitter_misc":{"Est. tempo de leitura":"2 minutos"},"schema":{"@context":"https:\/\/schema.org","@graph":[{"@type":"WebSite","@id":"https:\/\/www.pacoteshyatt.com.br\/sao-paulo\/#website","url":"https:\/\/www.pacoteshyatt.com.br\/sao-paulo\/","name":"GRAND HYATT S\u00c3O PAULO","description":"S\u00f3 mais um site Hot\u00e9is Grand Hyatt Rio de Janeiro e S\u00e3o Paulo sites","potentialAction":[{"@type":"SearchAction","target":{"@type":"EntryPoint","urlTemplate":"https:\/\/www.pacoteshyatt.com.br\/sao-paulo\/?s={search_term_string}"},"query-input":"required name=search_term_string"}],"inLanguage":"pt-BR"},{"@type":"ImageObject","@id":"https:\/\/www.pacoteshyatt.com.br\/sao-paulo\/product\/pacote-noite-de-nupcias\/#primaryimage","inLanguage":"pt-BR","url":"https:\/\/www.pacoteshyatt.com.br\/sao-paulo\/wp-content\/uploads\/sites\/3\/2020\/10\/nupcias-1.jpg","contentUrl":"https:\/\/www.pacoteshyatt.com.br\/sao-paulo\/wp-content\/uploads\/sites\/3\/2020\/10\/nupcias-1.jpg","width":308,"height":200,"caption":"Noivos na noite de n\u00fapcias no Grand Hyatt SP"},{"@type":"WebPage","@id":"https:\/\/www.pacoteshyatt.com.br\/sao-paulo\/product\/pacote-noite-de-nupcias\/#webpage","url":"https:\/\/www.pacoteshyatt.com.br\/sao-paulo\/product\/pacote-noite-de-nupcias\/","name":"Noite de N\u00fapcias em Hotel com Pacote Completo - G. Hyatt SP","isPartOf":{"@id":"https:\/\/www.pacoteshyatt.com.br\/sao-paulo\/#website"},"primaryImageOfPage":{"@id":"https:\/\/www.pacoteshyatt.com.br\/sao-paulo\/product\/pacote-noite-de-nupcias\/#primaryimage"},"datePublished":"2020-10-05T15:31:44+00:00","dateModified":"2025-09-29T14:04:20+00:00","description":"Desfrute da Noite de N\u00fapcias no Grand Hyatt S\u00e3o Paulo. Pensamos cuidadosamente em todos os detalhes para tornar esse dia \u00fanico e inesquec\u00edvel.","breadcrumb":{"@id":"https:\/\/www.pacoteshyatt.com.br\/sao-paulo\/product\/pacote-noite-de-nupcias\/#breadcrumb"},"inLanguage":"pt-BR","potentialAction":[{"@type":"ReadAction","target":["https:\/\/www.pacoteshyatt.com.br\/sao-paulo\/product\/pacote-noite-de-nupcias\/"]}]},{"@type":"BreadcrumbList","@id":"https:\/\/www.pacoteshyatt.com.br\/sao-paulo\/product\/pacote-noite-de-nupcias\/#breadcrumb","itemListElement":[{"@type":"ListItem","position":1,"name":"Home","item":"https:\/\/www.pacoteshyatt.com.br\/sao-paulo\/"},{"@type":"ListItem","position":2,"name":"Shop","item":"https:\/\/www.pacoteshyatt.com.br\/sao-paulo\/shop\/"},{"@type":"ListItem","position":3,"name":"PACOTE NOITE DE N\u00daPCIAS"}]}]}},"_links":{"self":[{"href":"https:\/\/www.pacoteshyatt.com.br\/sao-paulo\/wp-json\/wp\/v2\/product\/81"}],"collection":[{"href":"https:\/\/www.pacoteshyatt.com.br\/sao-paulo\/wp-json\/wp\/v2\/product"}],"about":[{"href":"https:\/\/www.pacoteshyatt.com.br\/sao-paulo\/wp-json\/wp\/v2\/types\/product"}],"replies":[{"embeddable":true,"href":"https:\/\/www.pacoteshyatt.com.br\/sao-paulo\/wp-json\/wp\/v2\/comments?post=81"}],"wp:featuredmedia":[{"embeddable":true,"href":"https:\/\/www.pacoteshyatt.com.br\/sao-paulo\/wp-json\/wp\/v2\/media\/1371"}],"wp:attachment":[{"href":"https:\/\/www.pacoteshyatt.com.br\/sao-paulo\/wp-json\/wp\/v2\/media?parent=81"}],"wp:term":[{"taxonomy":"product_cat","embeddable":true,"href":"https:\/\/www.pacoteshyatt.com.br\/sao-paulo\/wp-json\/wp\/v2\/product_cat?post=81"},{"taxonomy":"product_tag","embeddable":true,"href":"https:\/\/www.pacoteshyatt.com.br\/sao-paulo\/wp-json\/wp\/v2\/product_tag?post=81"}],"curies":[{"name":"wp","href":"https:\/\/api.w.org\/{rel}","templated":true}]}}