{"id":88,"date":"2020-10-05T12:40:19","date_gmt":"2020-10-05T15:40:19","guid":{"rendered":"https:\/\/www.pacoteshyatt.com.br\/sao-paulo\/?post_type=product&#038;p=88"},"modified":"2024-08-28T17:07:09","modified_gmt":"2024-08-28T20:07:09","slug":"pacote-dia-da-noiva-noite-de-nupcias","status":"publish","type":"product","link":"https:\/\/www.pacoteshyatt.com.br\/sao-paulo\/product\/pacote-dia-da-noiva-noite-de-nupcias\/","title":{"rendered":"PACOTE DIA DA NOIVA + NOITE DE N\u00daPCIAS"},"content":{"rendered":"<p><strong>Pacote de Dia da Noiva e Noite de N\u00fapcias<\/strong> merece ser muito especial! Desfrute os servi\u00e7os cinco estrelas do hotel em um ambiente perfeito para suas fotos serem ainda mais inesquec\u00edveis!<\/p>\n<p>O <strong>Dia da Noiva<\/strong> \u00e9 um verdadeiro ritual que toda mulher deve passar, desde as que optaram por uma celebra\u00e7\u00e3o badalada ou intimista como o mini wedding. Durante as horas que antecedem o casamento, a noiva \u00e9 cuidada por profissionais preparados para deix\u00e1-la ainda mais bela para o grande dia, al\u00e9m de desfrutar da companhia de pessoas especiais registrando cada detalhe.<\/p>\n<p>Com o <strong>Pacote de Dia da Noiva e Noite de N\u00fapcias<\/strong> o seu dia ser\u00e1 inesquec\u00edvel do \u00ednicio ao fim, onde voc\u00ea aproveitar\u00e1 o momento com pessoas que voc\u00ea ama em um day use, massagem relaxante, e a Noite de N\u00fapcias perfeita com o seu grande amor para finalizar a experi\u00eancia.<\/p>\n<p>Desfrute de todo o conforto em uma Grand Su\u00edte aconchegante, com vistas panor\u00e2micas para a cidade de S\u00e3o Paulo, e aproveite para degustar os petiscos preparados na acomoda\u00e7\u00e3o, como cookies, frutas, mini sandu\u00edches e outras del\u00edcias perfeitas para o momento especial entre a noiva e suas convidadas.<\/p>\n<p>Aproveite em uma experi\u00eancia relaxante no Amanary SPA, onde a noiva ter\u00e1 um tratamento completo, facial e corporal que ser\u00e3o respons\u00e1veis por reduzir incha\u00e7os, diminui\u00e7\u00e3o das olheiras, revitalizar a pele e prepar\u00e1-la para o casamento.<\/p>\n<p>Durante o day use especial, a noiva ainda ter\u00e1 acesso \u00e0 sauna seca, Fitness Center, piscinas interna climatizada e externa, al\u00e9m de descontos especiais em outras massagens e tratamentos no Amanary SPA.<\/p>\n<p>Finalize a sua experi\u00eancia com uma inesquec\u00edvel <strong>Noite de N\u00fapcias<\/strong>, cuidadosamente pensada para tornar a celebra\u00e7\u00e3o ainda mais especial, com decora\u00e7\u00e3o rom\u00e2ntica, vistas panor\u00e2micas para a cidade de S\u00e3o Paulo, Champagne Veuve Clicquot, flores, chocolates, sais de banho, caf\u00e9 da manh\u00e3 incluso, e late checkout at\u00e9 \u00e0s 18h, para que o casal aproveite cada segundo desse dia especial.<\/p>\n<p>&nbsp;<\/p>\n<p><strong>Esse voucher \u00e9 v\u00e1lido por 1 ano ap\u00f3s a data da compra. Consulte disponibilidade em saopaulo.grand@hyatt.com<\/strong><\/p>\n","protected":false},"excerpt":{"rendered":"<p>Pacote de Dia da Noiva e Noite de N\u00fapcias merece ser muito especial! Desfrute os servi\u00e7os cinco estrelas do hotel em um ambiente perfeito para suas fotos serem ainda mais inesquec\u00edveis! O Dia da Noiva \u00e9 um verdadeiro ritual que toda mulher deve passar, desde as que optaram por uma celebra\u00e7\u00e3o badalada ou intimista como [&hellip;]<\/p>\n","protected":false},"featured_media":416,"comment_status":"open","ping_status":"closed","template":"","meta":{"_eb_attr":""},"product_cat":[19,30],"product_tag":[],"yoast_head":"<!-- This site is optimized with the Yoast SEO plugin v18.4.1 - https:\/\/yoast.com\/wordpress\/plugins\/seo\/ -->\n<title>PACOTE DIA DA NOIVA + NOITE DE N\u00daPCIAS - GRAND HYATT S\u00c3O PAULO<\/title>\n<meta name=\"description\" content=\"Dia da Noiva e Noite de N\u00fapcias no Grand Hyatt S\u00e3o Paulo, a combina\u00e7\u00e3o perfeita para a prepara\u00e7\u00e3o e celebra\u00e7\u00e3o do melhor dia da sua vida.\" \/>\n<meta name=\"robots\" content=\"index, follow, max-snippet:-1, max-image-preview:large, max-video-preview:-1\" \/>\n<link rel=\"canonical\" href=\"https:\/\/www.pacoteshyatt.com.br\/sao-paulo\/product\/pacote-dia-da-noiva-noite-de-nupcias\/\" \/>\n<meta property=\"og:locale\" content=\"pt_BR\" \/>\n<meta property=\"og:type\" content=\"article\" \/>\n<meta property=\"og:title\" content=\"PACOTE DIA DA NOIVA + NOITE DE N\u00daPCIAS - GRAND HYATT S\u00c3O PAULO\" \/>\n<meta property=\"og:description\" content=\"Dia da Noiva e Noite de N\u00fapcias no Grand Hyatt S\u00e3o Paulo, a combina\u00e7\u00e3o perfeita para a prepara\u00e7\u00e3o e celebra\u00e7\u00e3o do melhor dia da sua vida.\" \/>\n<meta property=\"og:url\" content=\"https:\/\/www.pacoteshyatt.com.br\/sao-paulo\/product\/pacote-dia-da-noiva-noite-de-nupcias\/\" \/>\n<meta property=\"og:site_name\" content=\"GRAND HYATT S\u00c3O PAULO\" \/>\n<meta property=\"article:modified_time\" content=\"2024-08-28T20:07:09+00:00\" \/>\n<meta property=\"og:image\" content=\"https:\/\/www.pacoteshyatt.com.br\/sao-paulo\/wp-content\/uploads\/sites\/3\/2020\/10\/1955.jpg\" \/>\n\t<meta property=\"og:image:width\" content=\"308\" \/>\n\t<meta property=\"og:image:height\" content=\"200\" \/>\n\t<meta property=\"og:image:type\" content=\"image\/jpeg\" \/>\n<meta name=\"twitter:card\" content=\"summary_large_image\" \/>\n<meta name=\"twitter:label1\" content=\"Est. tempo de leitura\" \/>\n\t<meta name=\"twitter:data1\" content=\"2 minutos\" \/>\n<script type=\"application\/ld+json\" class=\"yoast-schema-graph\">{\"@context\":\"https:\/\/schema.org\",\"@graph\":[{\"@type\":\"WebSite\",\"@id\":\"https:\/\/www.pacoteshyatt.com.br\/sao-paulo\/#website\",\"url\":\"https:\/\/www.pacoteshyatt.com.br\/sao-paulo\/\",\"name\":\"GRAND HYATT S\u00c3O PAULO\",\"description\":\"S\u00f3 mais um site Hot\u00e9is Grand Hyatt Rio de Janeiro e S\u00e3o Paulo sites\",\"potentialAction\":[{\"@type\":\"SearchAction\",\"target\":{\"@type\":\"EntryPoint\",\"urlTemplate\":\"https:\/\/www.pacoteshyatt.com.br\/sao-paulo\/?s={search_term_string}\"},\"query-input\":\"required name=search_term_string\"}],\"inLanguage\":\"pt-BR\"},{\"@type\":\"ImageObject\",\"@id\":\"https:\/\/www.pacoteshyatt.com.br\/sao-paulo\/product\/pacote-dia-da-noiva-noite-de-nupcias\/#primaryimage\",\"inLanguage\":\"pt-BR\",\"url\":\"https:\/\/www.pacoteshyatt.com.br\/sao-paulo\/wp-content\/uploads\/sites\/3\/2020\/10\/1955.jpg\",\"contentUrl\":\"https:\/\/www.pacoteshyatt.com.br\/sao-paulo\/wp-content\/uploads\/sites\/3\/2020\/10\/1955.jpg\",\"width\":308,\"height\":200,\"caption\":\"Dia da Noiva e Noite de N\u00fapcias\"},{\"@type\":\"WebPage\",\"@id\":\"https:\/\/www.pacoteshyatt.com.br\/sao-paulo\/product\/pacote-dia-da-noiva-noite-de-nupcias\/#webpage\",\"url\":\"https:\/\/www.pacoteshyatt.com.br\/sao-paulo\/product\/pacote-dia-da-noiva-noite-de-nupcias\/\",\"name\":\"PACOTE DIA DA NOIVA + NOITE DE N\u00daPCIAS - GRAND HYATT S\u00c3O PAULO\",\"isPartOf\":{\"@id\":\"https:\/\/www.pacoteshyatt.com.br\/sao-paulo\/#website\"},\"primaryImageOfPage\":{\"@id\":\"https:\/\/www.pacoteshyatt.com.br\/sao-paulo\/product\/pacote-dia-da-noiva-noite-de-nupcias\/#primaryimage\"},\"datePublished\":\"2020-10-05T15:40:19+00:00\",\"dateModified\":\"2024-08-28T20:07:09+00:00\",\"description\":\"Dia da Noiva e Noite de N\u00fapcias no Grand Hyatt S\u00e3o Paulo, a combina\u00e7\u00e3o perfeita para a prepara\u00e7\u00e3o e celebra\u00e7\u00e3o do melhor dia da sua vida.\",\"breadcrumb\":{\"@id\":\"https:\/\/www.pacoteshyatt.com.br\/sao-paulo\/product\/pacote-dia-da-noiva-noite-de-nupcias\/#breadcrumb\"},\"inLanguage\":\"pt-BR\",\"potentialAction\":[{\"@type\":\"ReadAction\",\"target\":[\"https:\/\/www.pacoteshyatt.com.br\/sao-paulo\/product\/pacote-dia-da-noiva-noite-de-nupcias\/\"]}]},{\"@type\":\"BreadcrumbList\",\"@id\":\"https:\/\/www.pacoteshyatt.com.br\/sao-paulo\/product\/pacote-dia-da-noiva-noite-de-nupcias\/#breadcrumb\",\"itemListElement\":[{\"@type\":\"ListItem\",\"position\":1,\"name\":\"Home\",\"item\":\"https:\/\/www.pacoteshyatt.com.br\/sao-paulo\/\"},{\"@type\":\"ListItem\",\"position\":2,\"name\":\"Shop\",\"item\":\"https:\/\/www.pacoteshyatt.com.br\/sao-paulo\/shop\/\"},{\"@type\":\"ListItem\",\"position\":3,\"name\":\"PACOTE DIA DA NOIVA + NOITE DE N\u00daPCIAS\"}]}]}<\/script>\n<!-- \/ Yoast SEO plugin. -->","yoast_head_json":{"title":"PACOTE DIA DA NOIVA + NOITE DE N\u00daPCIAS - GRAND HYATT S\u00c3O PAULO","description":"Dia da Noiva e Noite de N\u00fapcias no Grand Hyatt S\u00e3o Paulo, a combina\u00e7\u00e3o perfeita para a prepara\u00e7\u00e3o e celebra\u00e7\u00e3o do melhor dia da sua vida.","robots":{"index":"index","follow":"follow","max-snippet":"max-snippet:-1","max-image-preview":"max-image-preview:large","max-video-preview":"max-video-preview:-1"},"canonical":"https:\/\/www.pacoteshyatt.com.br\/sao-paulo\/product\/pacote-dia-da-noiva-noite-de-nupcias\/","og_locale":"pt_BR","og_type":"article","og_title":"PACOTE DIA DA NOIVA + NOITE DE N\u00daPCIAS - GRAND HYATT S\u00c3O PAULO","og_description":"Dia da Noiva e Noite de N\u00fapcias no Grand Hyatt S\u00e3o Paulo, a combina\u00e7\u00e3o perfeita para a prepara\u00e7\u00e3o e celebra\u00e7\u00e3o do melhor dia da sua vida.","og_url":"https:\/\/www.pacoteshyatt.com.br\/sao-paulo\/product\/pacote-dia-da-noiva-noite-de-nupcias\/","og_site_name":"GRAND HYATT S\u00c3O PAULO","article_modified_time":"2024-08-28T20:07:09+00:00","og_image":[{"width":308,"height":200,"url":"https:\/\/www.pacoteshyatt.com.br\/sao-paulo\/wp-content\/uploads\/sites\/3\/2020\/10\/1955.jpg","type":"image\/jpeg"}],"twitter_card":"summary_large_image","twitter_misc":{"Est. tempo de leitura":"2 minutos"},"schema":{"@context":"https:\/\/schema.org","@graph":[{"@type":"WebSite","@id":"https:\/\/www.pacoteshyatt.com.br\/sao-paulo\/#website","url":"https:\/\/www.pacoteshyatt.com.br\/sao-paulo\/","name":"GRAND HYATT S\u00c3O PAULO","description":"S\u00f3 mais um site Hot\u00e9is Grand Hyatt Rio de Janeiro e S\u00e3o Paulo sites","potentialAction":[{"@type":"SearchAction","target":{"@type":"EntryPoint","urlTemplate":"https:\/\/www.pacoteshyatt.com.br\/sao-paulo\/?s={search_term_string}"},"query-input":"required name=search_term_string"}],"inLanguage":"pt-BR"},{"@type":"ImageObject","@id":"https:\/\/www.pacoteshyatt.com.br\/sao-paulo\/product\/pacote-dia-da-noiva-noite-de-nupcias\/#primaryimage","inLanguage":"pt-BR","url":"https:\/\/www.pacoteshyatt.com.br\/sao-paulo\/wp-content\/uploads\/sites\/3\/2020\/10\/1955.jpg","contentUrl":"https:\/\/www.pacoteshyatt.com.br\/sao-paulo\/wp-content\/uploads\/sites\/3\/2020\/10\/1955.jpg","width":308,"height":200,"caption":"Dia da Noiva e Noite de N\u00fapcias"},{"@type":"WebPage","@id":"https:\/\/www.pacoteshyatt.com.br\/sao-paulo\/product\/pacote-dia-da-noiva-noite-de-nupcias\/#webpage","url":"https:\/\/www.pacoteshyatt.com.br\/sao-paulo\/product\/pacote-dia-da-noiva-noite-de-nupcias\/","name":"PACOTE DIA DA NOIVA + NOITE DE N\u00daPCIAS - GRAND HYATT S\u00c3O PAULO","isPartOf":{"@id":"https:\/\/www.pacoteshyatt.com.br\/sao-paulo\/#website"},"primaryImageOfPage":{"@id":"https:\/\/www.pacoteshyatt.com.br\/sao-paulo\/product\/pacote-dia-da-noiva-noite-de-nupcias\/#primaryimage"},"datePublished":"2020-10-05T15:40:19+00:00","dateModified":"2024-08-28T20:07:09+00:00","description":"Dia da Noiva e Noite de N\u00fapcias no Grand Hyatt S\u00e3o Paulo, a combina\u00e7\u00e3o perfeita para a prepara\u00e7\u00e3o e celebra\u00e7\u00e3o do melhor dia da sua vida.","breadcrumb":{"@id":"https:\/\/www.pacoteshyatt.com.br\/sao-paulo\/product\/pacote-dia-da-noiva-noite-de-nupcias\/#breadcrumb"},"inLanguage":"pt-BR","potentialAction":[{"@type":"ReadAction","target":["https:\/\/www.pacoteshyatt.com.br\/sao-paulo\/product\/pacote-dia-da-noiva-noite-de-nupcias\/"]}]},{"@type":"BreadcrumbList","@id":"https:\/\/www.pacoteshyatt.com.br\/sao-paulo\/product\/pacote-dia-da-noiva-noite-de-nupcias\/#breadcrumb","itemListElement":[{"@type":"ListItem","position":1,"name":"Home","item":"https:\/\/www.pacoteshyatt.com.br\/sao-paulo\/"},{"@type":"ListItem","position":2,"name":"Shop","item":"https:\/\/www.pacoteshyatt.com.br\/sao-paulo\/shop\/"},{"@type":"ListItem","position":3,"name":"PACOTE DIA DA NOIVA + NOITE DE N\u00daPCIAS"}]}]}},"_links":{"self":[{"href":"https:\/\/www.pacoteshyatt.com.br\/sao-paulo\/wp-json\/wp\/v2\/product\/88"}],"collection":[{"href":"https:\/\/www.pacoteshyatt.com.br\/sao-paulo\/wp-json\/wp\/v2\/product"}],"about":[{"href":"https:\/\/www.pacoteshyatt.com.br\/sao-paulo\/wp-json\/wp\/v2\/types\/product"}],"replies":[{"embeddable":true,"href":"https:\/\/www.pacoteshyatt.com.br\/sao-paulo\/wp-json\/wp\/v2\/comments?post=88"}],"wp:featuredmedia":[{"embeddable":true,"href":"https:\/\/www.pacoteshyatt.com.br\/sao-paulo\/wp-json\/wp\/v2\/media\/416"}],"wp:attachment":[{"href":"https:\/\/www.pacoteshyatt.com.br\/sao-paulo\/wp-json\/wp\/v2\/media?parent=88"}],"wp:term":[{"taxonomy":"product_cat","embeddable":true,"href":"https:\/\/www.pacoteshyatt.com.br\/sao-paulo\/wp-json\/wp\/v2\/product_cat?post=88"},{"taxonomy":"product_tag","embeddable":true,"href":"https:\/\/www.pacoteshyatt.com.br\/sao-paulo\/wp-json\/wp\/v2\/product_tag?post=88"}],"curies":[{"name":"wp","href":"https:\/\/api.w.org\/{rel}","templated":true}]}}