{"id":8882,"date":"2023-03-31T10:55:33","date_gmt":"2023-03-31T13:55:33","guid":{"rendered":"https:\/\/www.pacoteshyatt.com.br\/sao-paulo\/?post_type=product&#038;p=8882"},"modified":"2026-04-16T16:46:27","modified_gmt":"2026-04-16T19:46:27","slug":"guest-bartender","status":"publish","type":"product","link":"https:\/\/www.pacoteshyatt.com.br\/sao-paulo\/product\/guest-bartender\/","title":{"rendered":"23\/04 | GUEST BARTENDER"},"content":{"rendered":"<p><strong>Guest Bartender | Bar Boca de Ouro &amp; Bar Moela no Vena Cosmopolitan Bar<\/strong><\/p>\n<div>\n<p>O Grand Hyatt S\u00e3o Paulo convida voc\u00ea para mais uma edi\u00e7\u00e3o do <strong>Guest Bartender<\/strong>, uma noite especial que celebra criatividade, coquetelaria autoral e sabores cheios de identidade brasileira.<\/p>\n<p>No dia <strong>23 de abril<\/strong>, o <strong>Vena Cosmopolitan Bar<\/strong> recebe <strong>Ariel Ritz<\/strong>, bartender do premiado <strong>Bar Boca de Ouro<\/strong>, a convite de <strong>Jean Ponce<\/strong>, nosso consultor e anfitri\u00e3o da noite. Juntos, eles apresentam uma sele\u00e7\u00e3o exclusiva de drinks que traduzem t\u00e9cnica, personalidade e uma leitura contempor\u00e2nea da coquetelaria nacional.<\/p>\n<p>Para tornar a experi\u00eancia ainda mais completa, o evento conta com a <strong>participa\u00e7\u00e3o especial do Bar Moela<\/strong>, trazendo sua irreverente e aut\u00eantica <strong>comida de boteco<\/strong>, com snacks t\u00edpicos cuidadosamente pensados para harmonizar com os drinks da noite.<\/p>\n<div>Os ingressos incluem a participa\u00e7\u00e3o no evento, <strong>03 drinks<\/strong> e <strong>03 snacks<\/strong>, garantindo uma experi\u00eancia completa, descontra\u00edda e cheia de sabor.<\/div>\n<div>\n<p>Uma experi\u00eancia descontra\u00edda e sofisticada ao mesmo tempo, perfeita para reunir amigos, brindar bons momentos e explorar novos sabores em um ambiente acolhedor e cheio de personalidade.<\/p>\n<p>Garanta seu ingresso e venha viver mais uma noite memor\u00e1vel no <strong>Vena Cosmopolitan Bar<\/strong>, no Grand Hyatt S\u00e3o Paulo.<\/p>\n<\/div>\n<\/div>\n","protected":false},"excerpt":{"rendered":"<p>Guest Bartender | Bar Boca de Ouro &amp; Bar Moela no Vena Cosmopolitan Bar O Grand Hyatt S\u00e3o Paulo convida voc\u00ea para mais uma edi\u00e7\u00e3o do Guest Bartender, uma noite especial que celebra criatividade, coquetelaria autoral e sabores cheios de identidade brasileira. No dia 23 de abril, o Vena Cosmopolitan Bar recebe Ariel Ritz, bartender [&hellip;]<\/p>\n","protected":false},"featured_media":21650,"comment_status":"open","ping_status":"closed","template":"","meta":{"_eb_attr":""},"product_cat":[57,65,76,27],"product_tag":[],"yoast_head":"<!-- This site is optimized with the Yoast SEO plugin v18.4.1 - https:\/\/yoast.com\/wordpress\/plugins\/seo\/ -->\n<title>Guest Bartender no Grand Hyatt S\u00e3o Paulo<\/title>\n<meta name=\"description\" content=\"Participe do Guest Bartender no Grand Hyatt S\u00e3o Paulo, um evento de alta coquetelaria com mixologistas renomados e harmoniza\u00e7\u00e3o de finger foods. Acesse!\" \/>\n<meta name=\"robots\" content=\"index, follow, max-snippet:-1, max-image-preview:large, max-video-preview:-1\" \/>\n<link rel=\"canonical\" href=\"https:\/\/www.pacoteshyatt.com.br\/sao-paulo\/product\/guest-bartender\/\" \/>\n<meta property=\"og:locale\" content=\"pt_BR\" \/>\n<meta property=\"og:type\" content=\"article\" \/>\n<meta property=\"og:title\" content=\"Guest Bartender no Grand Hyatt S\u00e3o Paulo\" \/>\n<meta property=\"og:description\" content=\"Participe do Guest Bartender no Grand Hyatt S\u00e3o Paulo, um evento de alta coquetelaria com mixologistas renomados e harmoniza\u00e7\u00e3o de finger foods. Acesse!\" \/>\n<meta property=\"og:url\" content=\"https:\/\/www.pacoteshyatt.com.br\/sao-paulo\/product\/guest-bartender\/\" \/>\n<meta property=\"og:site_name\" content=\"GRAND HYATT S\u00c3O PAULO\" \/>\n<meta property=\"article:modified_time\" content=\"2026-04-16T19:46:27+00:00\" \/>\n<meta property=\"og:image\" content=\"https:\/\/www.pacoteshyatt.com.br\/sao-paulo\/wp-content\/uploads\/sites\/3\/2023\/03\/GHSP_GuestBartender_Abril_BannerDestaques_308x200px_v1.png\" \/>\n\t<meta property=\"og:image:width\" content=\"308\" \/>\n\t<meta property=\"og:image:height\" content=\"200\" \/>\n\t<meta property=\"og:image:type\" content=\"image\/png\" \/>\n<meta name=\"twitter:card\" content=\"summary_large_image\" \/>\n<meta name=\"twitter:label1\" content=\"Est. tempo de leitura\" \/>\n\t<meta name=\"twitter:data1\" content=\"2 minutos\" \/>\n<script type=\"application\/ld+json\" class=\"yoast-schema-graph\">{\"@context\":\"https:\/\/schema.org\",\"@graph\":[{\"@type\":\"WebSite\",\"@id\":\"https:\/\/www.pacoteshyatt.com.br\/sao-paulo\/#website\",\"url\":\"https:\/\/www.pacoteshyatt.com.br\/sao-paulo\/\",\"name\":\"GRAND HYATT S\u00c3O PAULO\",\"description\":\"S\u00f3 mais um site Hot\u00e9is Grand Hyatt Rio de Janeiro e S\u00e3o Paulo sites\",\"potentialAction\":[{\"@type\":\"SearchAction\",\"target\":{\"@type\":\"EntryPoint\",\"urlTemplate\":\"https:\/\/www.pacoteshyatt.com.br\/sao-paulo\/?s={search_term_string}\"},\"query-input\":\"required name=search_term_string\"}],\"inLanguage\":\"pt-BR\"},{\"@type\":\"ImageObject\",\"@id\":\"https:\/\/www.pacoteshyatt.com.br\/sao-paulo\/product\/guest-bartender\/#primaryimage\",\"inLanguage\":\"pt-BR\",\"url\":\"https:\/\/www.pacoteshyatt.com.br\/sao-paulo\/wp-content\/uploads\/sites\/3\/2023\/03\/GHSP_GuestBartender_Abril_BannerDestaques_308x200px_v1.png\",\"contentUrl\":\"https:\/\/www.pacoteshyatt.com.br\/sao-paulo\/wp-content\/uploads\/sites\/3\/2023\/03\/GHSP_GuestBartender_Abril_BannerDestaques_308x200px_v1.png\",\"width\":308,\"height\":200},{\"@type\":\"WebPage\",\"@id\":\"https:\/\/www.pacoteshyatt.com.br\/sao-paulo\/product\/guest-bartender\/#webpage\",\"url\":\"https:\/\/www.pacoteshyatt.com.br\/sao-paulo\/product\/guest-bartender\/\",\"name\":\"Guest Bartender no Grand Hyatt S\u00e3o Paulo\",\"isPartOf\":{\"@id\":\"https:\/\/www.pacoteshyatt.com.br\/sao-paulo\/#website\"},\"primaryImageOfPage\":{\"@id\":\"https:\/\/www.pacoteshyatt.com.br\/sao-paulo\/product\/guest-bartender\/#primaryimage\"},\"datePublished\":\"2023-03-31T13:55:33+00:00\",\"dateModified\":\"2026-04-16T19:46:27+00:00\",\"description\":\"Participe do Guest Bartender no Grand Hyatt S\u00e3o Paulo, um evento de alta coquetelaria com mixologistas renomados e harmoniza\u00e7\u00e3o de finger foods. Acesse!\",\"breadcrumb\":{\"@id\":\"https:\/\/www.pacoteshyatt.com.br\/sao-paulo\/product\/guest-bartender\/#breadcrumb\"},\"inLanguage\":\"pt-BR\",\"potentialAction\":[{\"@type\":\"ReadAction\",\"target\":[\"https:\/\/www.pacoteshyatt.com.br\/sao-paulo\/product\/guest-bartender\/\"]}]},{\"@type\":\"BreadcrumbList\",\"@id\":\"https:\/\/www.pacoteshyatt.com.br\/sao-paulo\/product\/guest-bartender\/#breadcrumb\",\"itemListElement\":[{\"@type\":\"ListItem\",\"position\":1,\"name\":\"Home\",\"item\":\"https:\/\/www.pacoteshyatt.com.br\/sao-paulo\/\"},{\"@type\":\"ListItem\",\"position\":2,\"name\":\"Shop\",\"item\":\"https:\/\/www.pacoteshyatt.com.br\/sao-paulo\/shop\/\"},{\"@type\":\"ListItem\",\"position\":3,\"name\":\"23\/04 | GUEST BARTENDER\"}]}]}<\/script>\n<!-- \/ Yoast SEO plugin. -->","yoast_head_json":{"title":"Guest Bartender no Grand Hyatt S\u00e3o Paulo","description":"Participe do Guest Bartender no Grand Hyatt S\u00e3o Paulo, um evento de alta coquetelaria com mixologistas renomados e harmoniza\u00e7\u00e3o de finger foods. Acesse!","robots":{"index":"index","follow":"follow","max-snippet":"max-snippet:-1","max-image-preview":"max-image-preview:large","max-video-preview":"max-video-preview:-1"},"canonical":"https:\/\/www.pacoteshyatt.com.br\/sao-paulo\/product\/guest-bartender\/","og_locale":"pt_BR","og_type":"article","og_title":"Guest Bartender no Grand Hyatt S\u00e3o Paulo","og_description":"Participe do Guest Bartender no Grand Hyatt S\u00e3o Paulo, um evento de alta coquetelaria com mixologistas renomados e harmoniza\u00e7\u00e3o de finger foods. Acesse!","og_url":"https:\/\/www.pacoteshyatt.com.br\/sao-paulo\/product\/guest-bartender\/","og_site_name":"GRAND HYATT S\u00c3O PAULO","article_modified_time":"2026-04-16T19:46:27+00:00","og_image":[{"width":308,"height":200,"url":"https:\/\/www.pacoteshyatt.com.br\/sao-paulo\/wp-content\/uploads\/sites\/3\/2023\/03\/GHSP_GuestBartender_Abril_BannerDestaques_308x200px_v1.png","type":"image\/png"}],"twitter_card":"summary_large_image","twitter_misc":{"Est. tempo de leitura":"2 minutos"},"schema":{"@context":"https:\/\/schema.org","@graph":[{"@type":"WebSite","@id":"https:\/\/www.pacoteshyatt.com.br\/sao-paulo\/#website","url":"https:\/\/www.pacoteshyatt.com.br\/sao-paulo\/","name":"GRAND HYATT S\u00c3O PAULO","description":"S\u00f3 mais um site Hot\u00e9is Grand Hyatt Rio de Janeiro e S\u00e3o Paulo sites","potentialAction":[{"@type":"SearchAction","target":{"@type":"EntryPoint","urlTemplate":"https:\/\/www.pacoteshyatt.com.br\/sao-paulo\/?s={search_term_string}"},"query-input":"required name=search_term_string"}],"inLanguage":"pt-BR"},{"@type":"ImageObject","@id":"https:\/\/www.pacoteshyatt.com.br\/sao-paulo\/product\/guest-bartender\/#primaryimage","inLanguage":"pt-BR","url":"https:\/\/www.pacoteshyatt.com.br\/sao-paulo\/wp-content\/uploads\/sites\/3\/2023\/03\/GHSP_GuestBartender_Abril_BannerDestaques_308x200px_v1.png","contentUrl":"https:\/\/www.pacoteshyatt.com.br\/sao-paulo\/wp-content\/uploads\/sites\/3\/2023\/03\/GHSP_GuestBartender_Abril_BannerDestaques_308x200px_v1.png","width":308,"height":200},{"@type":"WebPage","@id":"https:\/\/www.pacoteshyatt.com.br\/sao-paulo\/product\/guest-bartender\/#webpage","url":"https:\/\/www.pacoteshyatt.com.br\/sao-paulo\/product\/guest-bartender\/","name":"Guest Bartender no Grand Hyatt S\u00e3o Paulo","isPartOf":{"@id":"https:\/\/www.pacoteshyatt.com.br\/sao-paulo\/#website"},"primaryImageOfPage":{"@id":"https:\/\/www.pacoteshyatt.com.br\/sao-paulo\/product\/guest-bartender\/#primaryimage"},"datePublished":"2023-03-31T13:55:33+00:00","dateModified":"2026-04-16T19:46:27+00:00","description":"Participe do Guest Bartender no Grand Hyatt S\u00e3o Paulo, um evento de alta coquetelaria com mixologistas renomados e harmoniza\u00e7\u00e3o de finger foods. Acesse!","breadcrumb":{"@id":"https:\/\/www.pacoteshyatt.com.br\/sao-paulo\/product\/guest-bartender\/#breadcrumb"},"inLanguage":"pt-BR","potentialAction":[{"@type":"ReadAction","target":["https:\/\/www.pacoteshyatt.com.br\/sao-paulo\/product\/guest-bartender\/"]}]},{"@type":"BreadcrumbList","@id":"https:\/\/www.pacoteshyatt.com.br\/sao-paulo\/product\/guest-bartender\/#breadcrumb","itemListElement":[{"@type":"ListItem","position":1,"name":"Home","item":"https:\/\/www.pacoteshyatt.com.br\/sao-paulo\/"},{"@type":"ListItem","position":2,"name":"Shop","item":"https:\/\/www.pacoteshyatt.com.br\/sao-paulo\/shop\/"},{"@type":"ListItem","position":3,"name":"23\/04 | GUEST BARTENDER"}]}]}},"_links":{"self":[{"href":"https:\/\/www.pacoteshyatt.com.br\/sao-paulo\/wp-json\/wp\/v2\/product\/8882"}],"collection":[{"href":"https:\/\/www.pacoteshyatt.com.br\/sao-paulo\/wp-json\/wp\/v2\/product"}],"about":[{"href":"https:\/\/www.pacoteshyatt.com.br\/sao-paulo\/wp-json\/wp\/v2\/types\/product"}],"replies":[{"embeddable":true,"href":"https:\/\/www.pacoteshyatt.com.br\/sao-paulo\/wp-json\/wp\/v2\/comments?post=8882"}],"wp:featuredmedia":[{"embeddable":true,"href":"https:\/\/www.pacoteshyatt.com.br\/sao-paulo\/wp-json\/wp\/v2\/media\/21650"}],"wp:attachment":[{"href":"https:\/\/www.pacoteshyatt.com.br\/sao-paulo\/wp-json\/wp\/v2\/media?parent=8882"}],"wp:term":[{"taxonomy":"product_cat","embeddable":true,"href":"https:\/\/www.pacoteshyatt.com.br\/sao-paulo\/wp-json\/wp\/v2\/product_cat?post=8882"},{"taxonomy":"product_tag","embeddable":true,"href":"https:\/\/www.pacoteshyatt.com.br\/sao-paulo\/wp-json\/wp\/v2\/product_tag?post=8882"}],"curies":[{"name":"wp","href":"https:\/\/api.w.org\/{rel}","templated":true}]}}