{"id":9641,"date":"2023-06-30T13:19:23","date_gmt":"2023-06-30T16:19:23","guid":{"rendered":"https:\/\/www.pacoteshyatt.com.br\/sao-paulo\/?post_type=product&#038;p=9641"},"modified":"2024-05-09T14:48:36","modified_gmt":"2024-05-09T17:48:36","slug":"day-spa-origens","status":"publish","type":"product","link":"https:\/\/www.pacoteshyatt.com.br\/sao-paulo\/product\/day-spa-origens\/","title":{"rendered":"DAY SPA ORIGENS"},"content":{"rendered":"<p>Experi\u00eancia temporariamente indispon\u00edvel!<\/p>\n<p>Lamentamos informar que, no momento, o Day Spa Origens est\u00e1 temporariamente indispon\u00edvel para compra. Mas n\u00e3o se preocupe, estamos trabalhando para trazer uma experi\u00eancia renovada e ainda mais incr\u00edvel para voc\u00ea.<\/p>\n<p><strong>O<\/strong><strong> Day Spa Origens<\/strong>\u00a0\u00e9 um <strong>tratamento exclusivo<\/strong>, que conta com \u00f3leos nativos da fauna brasileira extra\u00eddos de forma sustent\u00e1vel.<\/p>\n<p>Al\u00e9m disso, a experi\u00eancia inclui acesso \u00e0s comodidades do nosso hotel, incluindo sauna seca, academia moderna e piscinas interna e externa.<\/p>\n<p>&nbsp;<\/p>\n","protected":false},"excerpt":{"rendered":"<p>Experi\u00eancia temporariamente indispon\u00edvel! Lamentamos informar que, no momento, o Day Spa Origens est\u00e1 temporariamente indispon\u00edvel para compra. Mas n\u00e3o se preocupe, estamos trabalhando para trazer uma experi\u00eancia renovada e ainda mais incr\u00edvel para voc\u00ea. O Day Spa Origens\u00a0\u00e9 um tratamento exclusivo, que conta com \u00f3leos nativos da fauna brasileira extra\u00eddos de forma sustent\u00e1vel. Al\u00e9m disso, [&hellip;]<\/p>\n","protected":false},"featured_media":1615,"comment_status":"open","ping_status":"closed","template":"","meta":{"_eb_attr":""},"product_cat":[15],"product_tag":[],"yoast_head":"<!-- This site is optimized with the Yoast SEO plugin v18.4.1 - https:\/\/yoast.com\/wordpress\/plugins\/seo\/ -->\n<title>DAY SPA ORIGENS - GRAND HYATT S\u00c3O PAULO<\/title>\n<meta name=\"description\" content=\"Aproveite o Day Spa Origens para cuidar da mente e corpo em S\u00e3o Paulo no Hotel Grand Hyatt S\u00e3o Paulo. Confira nossos pacotes!\" \/>\n<meta name=\"robots\" content=\"index, follow, max-snippet:-1, max-image-preview:large, max-video-preview:-1\" \/>\n<link rel=\"canonical\" href=\"https:\/\/www.pacoteshyatt.com.br\/sao-paulo\/product\/day-spa-origens\/\" \/>\n<meta property=\"og:locale\" content=\"pt_BR\" \/>\n<meta property=\"og:type\" content=\"article\" \/>\n<meta property=\"og:title\" content=\"DAY SPA ORIGENS - GRAND HYATT S\u00c3O PAULO\" \/>\n<meta property=\"og:description\" content=\"Aproveite o Day Spa Origens para cuidar da mente e corpo em S\u00e3o Paulo no Hotel Grand Hyatt S\u00e3o Paulo. Confira nossos pacotes!\" \/>\n<meta property=\"og:url\" content=\"https:\/\/www.pacoteshyatt.com.br\/sao-paulo\/product\/day-spa-origens\/\" \/>\n<meta property=\"og:site_name\" content=\"GRAND HYATT S\u00c3O PAULO\" \/>\n<meta property=\"article:modified_time\" content=\"2024-05-09T17:48:36+00:00\" \/>\n<meta property=\"og:image\" content=\"https:\/\/www.pacoteshyatt.com.br\/sao-paulo\/wp-content\/uploads\/sites\/3\/2021\/02\/01.jpg\" \/>\n\t<meta property=\"og:image:width\" content=\"308\" \/>\n\t<meta property=\"og:image:height\" content=\"200\" \/>\n\t<meta property=\"og:image:type\" content=\"image\/jpeg\" \/>\n<meta name=\"twitter:card\" content=\"summary_large_image\" \/>\n<meta name=\"twitter:label1\" content=\"Est. tempo de leitura\" \/>\n\t<meta name=\"twitter:data1\" content=\"1 minuto\" \/>\n<script type=\"application\/ld+json\" class=\"yoast-schema-graph\">{\"@context\":\"https:\/\/schema.org\",\"@graph\":[{\"@type\":\"WebSite\",\"@id\":\"https:\/\/www.pacoteshyatt.com.br\/sao-paulo\/#website\",\"url\":\"https:\/\/www.pacoteshyatt.com.br\/sao-paulo\/\",\"name\":\"GRAND HYATT S\u00c3O PAULO\",\"description\":\"S\u00f3 mais um site Hot\u00e9is Grand Hyatt Rio de Janeiro e S\u00e3o Paulo sites\",\"potentialAction\":[{\"@type\":\"SearchAction\",\"target\":{\"@type\":\"EntryPoint\",\"urlTemplate\":\"https:\/\/www.pacoteshyatt.com.br\/sao-paulo\/?s={search_term_string}\"},\"query-input\":\"required name=search_term_string\"}],\"inLanguage\":\"pt-BR\"},{\"@type\":\"ImageObject\",\"@id\":\"https:\/\/www.pacoteshyatt.com.br\/sao-paulo\/product\/day-spa-origens\/#primaryimage\",\"inLanguage\":\"pt-BR\",\"url\":\"https:\/\/www.pacoteshyatt.com.br\/sao-paulo\/wp-content\/uploads\/sites\/3\/2021\/02\/01.jpg\",\"contentUrl\":\"https:\/\/www.pacoteshyatt.com.br\/sao-paulo\/wp-content\/uploads\/sites\/3\/2021\/02\/01.jpg\",\"width\":308,\"height\":200,\"caption\":\"Day Spa Origens\"},{\"@type\":\"WebPage\",\"@id\":\"https:\/\/www.pacoteshyatt.com.br\/sao-paulo\/product\/day-spa-origens\/#webpage\",\"url\":\"https:\/\/www.pacoteshyatt.com.br\/sao-paulo\/product\/day-spa-origens\/\",\"name\":\"DAY SPA ORIGENS - GRAND HYATT S\u00c3O PAULO\",\"isPartOf\":{\"@id\":\"https:\/\/www.pacoteshyatt.com.br\/sao-paulo\/#website\"},\"primaryImageOfPage\":{\"@id\":\"https:\/\/www.pacoteshyatt.com.br\/sao-paulo\/product\/day-spa-origens\/#primaryimage\"},\"datePublished\":\"2023-06-30T16:19:23+00:00\",\"dateModified\":\"2024-05-09T17:48:36+00:00\",\"description\":\"Aproveite o Day Spa Origens para cuidar da mente e corpo em S\u00e3o Paulo no Hotel Grand Hyatt S\u00e3o Paulo. Confira nossos pacotes!\",\"breadcrumb\":{\"@id\":\"https:\/\/www.pacoteshyatt.com.br\/sao-paulo\/product\/day-spa-origens\/#breadcrumb\"},\"inLanguage\":\"pt-BR\",\"potentialAction\":[{\"@type\":\"ReadAction\",\"target\":[\"https:\/\/www.pacoteshyatt.com.br\/sao-paulo\/product\/day-spa-origens\/\"]}]},{\"@type\":\"BreadcrumbList\",\"@id\":\"https:\/\/www.pacoteshyatt.com.br\/sao-paulo\/product\/day-spa-origens\/#breadcrumb\",\"itemListElement\":[{\"@type\":\"ListItem\",\"position\":1,\"name\":\"Home\",\"item\":\"https:\/\/www.pacoteshyatt.com.br\/sao-paulo\/\"},{\"@type\":\"ListItem\",\"position\":2,\"name\":\"Shop\",\"item\":\"https:\/\/www.pacoteshyatt.com.br\/sao-paulo\/shop\/\"},{\"@type\":\"ListItem\",\"position\":3,\"name\":\"DAY SPA ORIGENS\"}]}]}<\/script>\n<!-- \/ Yoast SEO plugin. -->","yoast_head_json":{"title":"DAY SPA ORIGENS - GRAND HYATT S\u00c3O PAULO","description":"Aproveite o Day Spa Origens para cuidar da mente e corpo em S\u00e3o Paulo no Hotel Grand Hyatt S\u00e3o Paulo. Confira nossos pacotes!","robots":{"index":"index","follow":"follow","max-snippet":"max-snippet:-1","max-image-preview":"max-image-preview:large","max-video-preview":"max-video-preview:-1"},"canonical":"https:\/\/www.pacoteshyatt.com.br\/sao-paulo\/product\/day-spa-origens\/","og_locale":"pt_BR","og_type":"article","og_title":"DAY SPA ORIGENS - GRAND HYATT S\u00c3O PAULO","og_description":"Aproveite o Day Spa Origens para cuidar da mente e corpo em S\u00e3o Paulo no Hotel Grand Hyatt S\u00e3o Paulo. Confira nossos pacotes!","og_url":"https:\/\/www.pacoteshyatt.com.br\/sao-paulo\/product\/day-spa-origens\/","og_site_name":"GRAND HYATT S\u00c3O PAULO","article_modified_time":"2024-05-09T17:48:36+00:00","og_image":[{"width":308,"height":200,"url":"https:\/\/www.pacoteshyatt.com.br\/sao-paulo\/wp-content\/uploads\/sites\/3\/2021\/02\/01.jpg","type":"image\/jpeg"}],"twitter_card":"summary_large_image","twitter_misc":{"Est. tempo de leitura":"1 minuto"},"schema":{"@context":"https:\/\/schema.org","@graph":[{"@type":"WebSite","@id":"https:\/\/www.pacoteshyatt.com.br\/sao-paulo\/#website","url":"https:\/\/www.pacoteshyatt.com.br\/sao-paulo\/","name":"GRAND HYATT S\u00c3O PAULO","description":"S\u00f3 mais um site Hot\u00e9is Grand Hyatt Rio de Janeiro e S\u00e3o Paulo sites","potentialAction":[{"@type":"SearchAction","target":{"@type":"EntryPoint","urlTemplate":"https:\/\/www.pacoteshyatt.com.br\/sao-paulo\/?s={search_term_string}"},"query-input":"required name=search_term_string"}],"inLanguage":"pt-BR"},{"@type":"ImageObject","@id":"https:\/\/www.pacoteshyatt.com.br\/sao-paulo\/product\/day-spa-origens\/#primaryimage","inLanguage":"pt-BR","url":"https:\/\/www.pacoteshyatt.com.br\/sao-paulo\/wp-content\/uploads\/sites\/3\/2021\/02\/01.jpg","contentUrl":"https:\/\/www.pacoteshyatt.com.br\/sao-paulo\/wp-content\/uploads\/sites\/3\/2021\/02\/01.jpg","width":308,"height":200,"caption":"Day Spa Origens"},{"@type":"WebPage","@id":"https:\/\/www.pacoteshyatt.com.br\/sao-paulo\/product\/day-spa-origens\/#webpage","url":"https:\/\/www.pacoteshyatt.com.br\/sao-paulo\/product\/day-spa-origens\/","name":"DAY SPA ORIGENS - GRAND HYATT S\u00c3O PAULO","isPartOf":{"@id":"https:\/\/www.pacoteshyatt.com.br\/sao-paulo\/#website"},"primaryImageOfPage":{"@id":"https:\/\/www.pacoteshyatt.com.br\/sao-paulo\/product\/day-spa-origens\/#primaryimage"},"datePublished":"2023-06-30T16:19:23+00:00","dateModified":"2024-05-09T17:48:36+00:00","description":"Aproveite o Day Spa Origens para cuidar da mente e corpo em S\u00e3o Paulo no Hotel Grand Hyatt S\u00e3o Paulo. Confira nossos pacotes!","breadcrumb":{"@id":"https:\/\/www.pacoteshyatt.com.br\/sao-paulo\/product\/day-spa-origens\/#breadcrumb"},"inLanguage":"pt-BR","potentialAction":[{"@type":"ReadAction","target":["https:\/\/www.pacoteshyatt.com.br\/sao-paulo\/product\/day-spa-origens\/"]}]},{"@type":"BreadcrumbList","@id":"https:\/\/www.pacoteshyatt.com.br\/sao-paulo\/product\/day-spa-origens\/#breadcrumb","itemListElement":[{"@type":"ListItem","position":1,"name":"Home","item":"https:\/\/www.pacoteshyatt.com.br\/sao-paulo\/"},{"@type":"ListItem","position":2,"name":"Shop","item":"https:\/\/www.pacoteshyatt.com.br\/sao-paulo\/shop\/"},{"@type":"ListItem","position":3,"name":"DAY SPA ORIGENS"}]}]}},"_links":{"self":[{"href":"https:\/\/www.pacoteshyatt.com.br\/sao-paulo\/wp-json\/wp\/v2\/product\/9641"}],"collection":[{"href":"https:\/\/www.pacoteshyatt.com.br\/sao-paulo\/wp-json\/wp\/v2\/product"}],"about":[{"href":"https:\/\/www.pacoteshyatt.com.br\/sao-paulo\/wp-json\/wp\/v2\/types\/product"}],"replies":[{"embeddable":true,"href":"https:\/\/www.pacoteshyatt.com.br\/sao-paulo\/wp-json\/wp\/v2\/comments?post=9641"}],"wp:featuredmedia":[{"embeddable":true,"href":"https:\/\/www.pacoteshyatt.com.br\/sao-paulo\/wp-json\/wp\/v2\/media\/1615"}],"wp:attachment":[{"href":"https:\/\/www.pacoteshyatt.com.br\/sao-paulo\/wp-json\/wp\/v2\/media?parent=9641"}],"wp:term":[{"taxonomy":"product_cat","embeddable":true,"href":"https:\/\/www.pacoteshyatt.com.br\/sao-paulo\/wp-json\/wp\/v2\/product_cat?post=9641"},{"taxonomy":"product_tag","embeddable":true,"href":"https:\/\/www.pacoteshyatt.com.br\/sao-paulo\/wp-json\/wp\/v2\/product_tag?post=9641"}],"curies":[{"name":"wp","href":"https:\/\/api.w.org\/{rel}","templated":true}]}}