{"id":9659,"date":"2023-06-30T15:18:40","date_gmt":"2023-06-30T18:18:40","guid":{"rendered":"https:\/\/www.pacoteshyatt.com.br\/sao-paulo\/?post_type=product&#038;p=9659"},"modified":"2026-04-16T12:01:05","modified_gmt":"2026-04-16T15:01:05","slug":"spa-dos-pes","status":"publish","type":"product","link":"https:\/\/www.pacoteshyatt.com.br\/sao-paulo\/product\/spa-dos-pes\/","title":{"rendered":"SPA DOS P\u00c9S"},"content":{"rendered":"<p>Spa dos P\u00e9s: Leveza e Bem-Estar em 30 Minutos<\/p>\n<p>Descubra o <strong>Spa dos P\u00e9s<\/strong>, uma experi\u00eancia que combina cuidado, relaxamento e bem-estar em um ritual exclusivo, ideal para quem deseja renovar as energias. Com dura\u00e7\u00e3o de <strong>30 minutos<\/strong>, o tratamento \u00e9 perfeito para quem busca uma pausa revitalizante.<\/p>\n<p>A experi\u00eancia come\u00e7a com um <strong>delicioso escalda-p\u00e9s<\/strong>, utilizando \u00e1gua morna e espuma de sais arom\u00e1ticos, ideal para aliviar tens\u00f5es e preparar os p\u00e9s para os pr\u00f3ximos cuidados. Em seguida, \u00e9 feita uma esfolia\u00e7\u00e3o com uma pasta agridoce enriquecida com <strong>manteiga de Murumuru<\/strong>, um ingrediente amaz\u00f4nico conhecido por suas propriedades emolientes, que deixa a pele <strong>macia, nutrida e radiante<\/strong>.<\/p>\n<p>Ap\u00f3s a esfolia\u00e7\u00e3o, os p\u00e9s s\u00e3o massageados e hidratados com um creme especial, enriquecido com <strong>manteiga de Cupua\u00e7u<\/strong>, garantindo uma <strong>nutri\u00e7\u00e3o profunda e duradoura<\/strong>. Para finalizar, uma massagem suave \u00e9 aplicada nas pernas utilizando um <strong>gel relaxante de mentol e arnica<\/strong>, proporcionando uma sensa\u00e7\u00e3o prolongada de leveza, frescor e relaxamento.<\/p>\n<p>Este ritual foi cuidadosamente criado para transformar o cuidado com os p\u00e9s em um momento \u00fanico de bem-estar e renova\u00e7\u00e3o. Ideal para quem deseja aliviar o stress e se sentir revigorado.<\/p>\n<p><strong>Agende sua sess\u00e3o hoje mesmo<\/strong> e experimente o poder do cuidado dedicado aos p\u00e9s. Nosso <strong>Spa dos P\u00e9s<\/strong> \u00e9 o ref\u00fagio perfeito para renovar suas energias e proporcionar um momento de autocuidado incompar\u00e1vel.<\/p>\n<p>&nbsp;<\/p>\n","protected":false},"excerpt":{"rendered":"<p>Spa dos P\u00e9s: Leveza e Bem-Estar em 30 Minutos Descubra o Spa dos P\u00e9s, uma experi\u00eancia que combina cuidado, relaxamento e bem-estar em um ritual exclusivo, ideal para quem deseja renovar as energias. Com dura\u00e7\u00e3o de 30 minutos, o tratamento \u00e9 perfeito para quem busca uma pausa revitalizante. A experi\u00eancia come\u00e7a com um delicioso escalda-p\u00e9s, [&hellip;]<\/p>\n","protected":false},"featured_media":18263,"comment_status":"open","ping_status":"closed","template":"","meta":{"_eb_attr":""},"product_cat":[20,22],"product_tag":[],"yoast_head":"<!-- This site is optimized with the Yoast SEO plugin v18.4.1 - https:\/\/yoast.com\/wordpress\/plugins\/seo\/ -->\n<title>SPA DOS P\u00c9S - GRAND HYATT S\u00c3O PAULO<\/title>\n<meta name=\"description\" content=\"As melhores op\u00e7\u00f5es de spa dos p\u00e9s, day spa para cuidar da mente e corpo em S\u00e3o Paulo no Hotel Grand Hyatt S\u00e3o Paulo. Confira nossos pacotes!\" \/>\n<meta name=\"robots\" content=\"index, follow, max-snippet:-1, max-image-preview:large, max-video-preview:-1\" \/>\n<link rel=\"canonical\" href=\"https:\/\/www.pacoteshyatt.com.br\/sao-paulo\/product\/spa-dos-pes\/\" \/>\n<meta property=\"og:locale\" content=\"pt_BR\" \/>\n<meta property=\"og:type\" content=\"article\" \/>\n<meta property=\"og:title\" content=\"SPA DOS P\u00c9S - GRAND HYATT S\u00c3O PAULO\" \/>\n<meta property=\"og:description\" content=\"As melhores op\u00e7\u00f5es de spa dos p\u00e9s, day spa para cuidar da mente e corpo em S\u00e3o Paulo no Hotel Grand Hyatt S\u00e3o Paulo. Confira nossos pacotes!\" \/>\n<meta property=\"og:url\" content=\"https:\/\/www.pacoteshyatt.com.br\/sao-paulo\/product\/spa-dos-pes\/\" \/>\n<meta property=\"og:site_name\" content=\"GRAND HYATT S\u00c3O PAULO\" \/>\n<meta property=\"article:modified_time\" content=\"2026-04-16T15:01:05+00:00\" \/>\n<meta property=\"og:image\" content=\"https:\/\/www.pacoteshyatt.com.br\/sao-paulo\/wp-content\/uploads\/sites\/3\/2023\/06\/spa-pes-grand-hyatt-sp.jpg\" \/>\n\t<meta property=\"og:image:width\" content=\"724\" \/>\n\t<meta property=\"og:image:height\" content=\"483\" \/>\n\t<meta property=\"og:image:type\" content=\"image\/jpeg\" \/>\n<meta name=\"twitter:card\" content=\"summary_large_image\" \/>\n<meta name=\"twitter:label1\" content=\"Est. tempo de leitura\" \/>\n\t<meta name=\"twitter:data1\" content=\"2 minutos\" \/>\n<script type=\"application\/ld+json\" class=\"yoast-schema-graph\">{\"@context\":\"https:\/\/schema.org\",\"@graph\":[{\"@type\":\"WebSite\",\"@id\":\"https:\/\/www.pacoteshyatt.com.br\/sao-paulo\/#website\",\"url\":\"https:\/\/www.pacoteshyatt.com.br\/sao-paulo\/\",\"name\":\"GRAND HYATT S\u00c3O PAULO\",\"description\":\"S\u00f3 mais um site Hot\u00e9is Grand Hyatt Rio de Janeiro e S\u00e3o Paulo sites\",\"potentialAction\":[{\"@type\":\"SearchAction\",\"target\":{\"@type\":\"EntryPoint\",\"urlTemplate\":\"https:\/\/www.pacoteshyatt.com.br\/sao-paulo\/?s={search_term_string}\"},\"query-input\":\"required name=search_term_string\"}],\"inLanguage\":\"pt-BR\"},{\"@type\":\"ImageObject\",\"@id\":\"https:\/\/www.pacoteshyatt.com.br\/sao-paulo\/product\/spa-dos-pes\/#primaryimage\",\"inLanguage\":\"pt-BR\",\"url\":\"https:\/\/www.pacoteshyatt.com.br\/sao-paulo\/wp-content\/uploads\/sites\/3\/2023\/06\/spa-pes-grand-hyatt-sp.jpg\",\"contentUrl\":\"https:\/\/www.pacoteshyatt.com.br\/sao-paulo\/wp-content\/uploads\/sites\/3\/2023\/06\/spa-pes-grand-hyatt-sp.jpg\",\"width\":724,\"height\":483,\"caption\":\"Spa dos p\u00e9s Grand Hyatt SP\"},{\"@type\":\"WebPage\",\"@id\":\"https:\/\/www.pacoteshyatt.com.br\/sao-paulo\/product\/spa-dos-pes\/#webpage\",\"url\":\"https:\/\/www.pacoteshyatt.com.br\/sao-paulo\/product\/spa-dos-pes\/\",\"name\":\"SPA DOS P\u00c9S - GRAND HYATT S\u00c3O PAULO\",\"isPartOf\":{\"@id\":\"https:\/\/www.pacoteshyatt.com.br\/sao-paulo\/#website\"},\"primaryImageOfPage\":{\"@id\":\"https:\/\/www.pacoteshyatt.com.br\/sao-paulo\/product\/spa-dos-pes\/#primaryimage\"},\"datePublished\":\"2023-06-30T18:18:40+00:00\",\"dateModified\":\"2026-04-16T15:01:05+00:00\",\"description\":\"As melhores op\u00e7\u00f5es de spa dos p\u00e9s, day spa para cuidar da mente e corpo em S\u00e3o Paulo no Hotel Grand Hyatt S\u00e3o Paulo. Confira nossos pacotes!\",\"breadcrumb\":{\"@id\":\"https:\/\/www.pacoteshyatt.com.br\/sao-paulo\/product\/spa-dos-pes\/#breadcrumb\"},\"inLanguage\":\"pt-BR\",\"potentialAction\":[{\"@type\":\"ReadAction\",\"target\":[\"https:\/\/www.pacoteshyatt.com.br\/sao-paulo\/product\/spa-dos-pes\/\"]}]},{\"@type\":\"BreadcrumbList\",\"@id\":\"https:\/\/www.pacoteshyatt.com.br\/sao-paulo\/product\/spa-dos-pes\/#breadcrumb\",\"itemListElement\":[{\"@type\":\"ListItem\",\"position\":1,\"name\":\"Home\",\"item\":\"https:\/\/www.pacoteshyatt.com.br\/sao-paulo\/\"},{\"@type\":\"ListItem\",\"position\":2,\"name\":\"Shop\",\"item\":\"https:\/\/www.pacoteshyatt.com.br\/sao-paulo\/shop\/\"},{\"@type\":\"ListItem\",\"position\":3,\"name\":\"SPA DOS P\u00c9S\"}]}]}<\/script>\n<!-- \/ Yoast SEO plugin. -->","yoast_head_json":{"title":"SPA DOS P\u00c9S - GRAND HYATT S\u00c3O PAULO","description":"As melhores op\u00e7\u00f5es de spa dos p\u00e9s, day spa para cuidar da mente e corpo em S\u00e3o Paulo no Hotel Grand Hyatt S\u00e3o Paulo. Confira nossos pacotes!","robots":{"index":"index","follow":"follow","max-snippet":"max-snippet:-1","max-image-preview":"max-image-preview:large","max-video-preview":"max-video-preview:-1"},"canonical":"https:\/\/www.pacoteshyatt.com.br\/sao-paulo\/product\/spa-dos-pes\/","og_locale":"pt_BR","og_type":"article","og_title":"SPA DOS P\u00c9S - GRAND HYATT S\u00c3O PAULO","og_description":"As melhores op\u00e7\u00f5es de spa dos p\u00e9s, day spa para cuidar da mente e corpo em S\u00e3o Paulo no Hotel Grand Hyatt S\u00e3o Paulo. Confira nossos pacotes!","og_url":"https:\/\/www.pacoteshyatt.com.br\/sao-paulo\/product\/spa-dos-pes\/","og_site_name":"GRAND HYATT S\u00c3O PAULO","article_modified_time":"2026-04-16T15:01:05+00:00","og_image":[{"width":724,"height":483,"url":"https:\/\/www.pacoteshyatt.com.br\/sao-paulo\/wp-content\/uploads\/sites\/3\/2023\/06\/spa-pes-grand-hyatt-sp.jpg","type":"image\/jpeg"}],"twitter_card":"summary_large_image","twitter_misc":{"Est. tempo de leitura":"2 minutos"},"schema":{"@context":"https:\/\/schema.org","@graph":[{"@type":"WebSite","@id":"https:\/\/www.pacoteshyatt.com.br\/sao-paulo\/#website","url":"https:\/\/www.pacoteshyatt.com.br\/sao-paulo\/","name":"GRAND HYATT S\u00c3O PAULO","description":"S\u00f3 mais um site Hot\u00e9is Grand Hyatt Rio de Janeiro e S\u00e3o Paulo sites","potentialAction":[{"@type":"SearchAction","target":{"@type":"EntryPoint","urlTemplate":"https:\/\/www.pacoteshyatt.com.br\/sao-paulo\/?s={search_term_string}"},"query-input":"required name=search_term_string"}],"inLanguage":"pt-BR"},{"@type":"ImageObject","@id":"https:\/\/www.pacoteshyatt.com.br\/sao-paulo\/product\/spa-dos-pes\/#primaryimage","inLanguage":"pt-BR","url":"https:\/\/www.pacoteshyatt.com.br\/sao-paulo\/wp-content\/uploads\/sites\/3\/2023\/06\/spa-pes-grand-hyatt-sp.jpg","contentUrl":"https:\/\/www.pacoteshyatt.com.br\/sao-paulo\/wp-content\/uploads\/sites\/3\/2023\/06\/spa-pes-grand-hyatt-sp.jpg","width":724,"height":483,"caption":"Spa dos p\u00e9s Grand Hyatt SP"},{"@type":"WebPage","@id":"https:\/\/www.pacoteshyatt.com.br\/sao-paulo\/product\/spa-dos-pes\/#webpage","url":"https:\/\/www.pacoteshyatt.com.br\/sao-paulo\/product\/spa-dos-pes\/","name":"SPA DOS P\u00c9S - GRAND HYATT S\u00c3O PAULO","isPartOf":{"@id":"https:\/\/www.pacoteshyatt.com.br\/sao-paulo\/#website"},"primaryImageOfPage":{"@id":"https:\/\/www.pacoteshyatt.com.br\/sao-paulo\/product\/spa-dos-pes\/#primaryimage"},"datePublished":"2023-06-30T18:18:40+00:00","dateModified":"2026-04-16T15:01:05+00:00","description":"As melhores op\u00e7\u00f5es de spa dos p\u00e9s, day spa para cuidar da mente e corpo em S\u00e3o Paulo no Hotel Grand Hyatt S\u00e3o Paulo. Confira nossos pacotes!","breadcrumb":{"@id":"https:\/\/www.pacoteshyatt.com.br\/sao-paulo\/product\/spa-dos-pes\/#breadcrumb"},"inLanguage":"pt-BR","potentialAction":[{"@type":"ReadAction","target":["https:\/\/www.pacoteshyatt.com.br\/sao-paulo\/product\/spa-dos-pes\/"]}]},{"@type":"BreadcrumbList","@id":"https:\/\/www.pacoteshyatt.com.br\/sao-paulo\/product\/spa-dos-pes\/#breadcrumb","itemListElement":[{"@type":"ListItem","position":1,"name":"Home","item":"https:\/\/www.pacoteshyatt.com.br\/sao-paulo\/"},{"@type":"ListItem","position":2,"name":"Shop","item":"https:\/\/www.pacoteshyatt.com.br\/sao-paulo\/shop\/"},{"@type":"ListItem","position":3,"name":"SPA DOS P\u00c9S"}]}]}},"_links":{"self":[{"href":"https:\/\/www.pacoteshyatt.com.br\/sao-paulo\/wp-json\/wp\/v2\/product\/9659"}],"collection":[{"href":"https:\/\/www.pacoteshyatt.com.br\/sao-paulo\/wp-json\/wp\/v2\/product"}],"about":[{"href":"https:\/\/www.pacoteshyatt.com.br\/sao-paulo\/wp-json\/wp\/v2\/types\/product"}],"replies":[{"embeddable":true,"href":"https:\/\/www.pacoteshyatt.com.br\/sao-paulo\/wp-json\/wp\/v2\/comments?post=9659"}],"wp:featuredmedia":[{"embeddable":true,"href":"https:\/\/www.pacoteshyatt.com.br\/sao-paulo\/wp-json\/wp\/v2\/media\/18263"}],"wp:attachment":[{"href":"https:\/\/www.pacoteshyatt.com.br\/sao-paulo\/wp-json\/wp\/v2\/media?parent=9659"}],"wp:term":[{"taxonomy":"product_cat","embeddable":true,"href":"https:\/\/www.pacoteshyatt.com.br\/sao-paulo\/wp-json\/wp\/v2\/product_cat?post=9659"},{"taxonomy":"product_tag","embeddable":true,"href":"https:\/\/www.pacoteshyatt.com.br\/sao-paulo\/wp-json\/wp\/v2\/product_tag?post=9659"}],"curies":[{"name":"wp","href":"https:\/\/api.w.org\/{rel}","templated":true}]}}