{"id":9662,"date":"2023-06-30T15:24:03","date_gmt":"2023-06-30T18:24:03","guid":{"rendered":"https:\/\/www.pacoteshyatt.com.br\/sao-paulo\/?post_type=product&#038;p=9662"},"modified":"2026-04-16T12:02:07","modified_gmt":"2026-04-16T15:02:07","slug":"reflexologia","status":"publish","type":"product","link":"https:\/\/www.pacoteshyatt.com.br\/sao-paulo\/product\/reflexologia\/","title":{"rendered":"REFLEXOLOGIA"},"content":{"rendered":"<p>Reflexologia: Equil\u00edbrio e Bem-Estar em Cada Toque<\/p>\n<p>A <strong>reflexologia<\/strong> \u00e9 uma t\u00e9cnica terap\u00eautica milenar que utiliza a aplica\u00e7\u00e3o de press\u00e3o em pontos espec\u00edficos dos <strong>p\u00e9s, m\u00e3os e orelhas<\/strong>, que correspondem a diferentes \u00f3rg\u00e3os e sistemas do corpo. Ao estimular essas \u00e1reas reflexas, a pr\u00e1tica promove a <strong>circula\u00e7\u00e3o sangu\u00ednea<\/strong>, alivia tens\u00f5es e restaura o equil\u00edbrio natural do organismo, proporcionando um efeito ben\u00e9fico que se reflete em todo o corpo.<\/p>\n<p>Cada sess\u00e3o de reflexologia \u00e9 cuidadosamente planejada para atender \u00e0s suas necessidades espec\u00edficas. Os pontos reflexos s\u00e3o estimulados de forma estrat\u00e9gica, ajudando a aliviar o stress acumulado, reduzir dores e melhorar o funcionamento dos sistemas internos. O resultado \u00e9 uma profunda <strong>sensa\u00e7\u00e3o de relaxamento e rejuvenescimento<\/strong>, ideal para quem deseja uma pausa na rotina.<\/p>\n<p>Al\u00e9m de seus efeitos terap\u00eauticos, a reflexologia \u00e9 uma oportunidade para se reconectar consigo mesmo e investir no seu <strong>bem-estar<\/strong> <strong>integral<\/strong>. Em apenas 30 minutos, voc\u00ea pode experimentar uma transforma\u00e7\u00e3o que vai al\u00e9m do f\u00edsico, trazendo <strong>harmonia e equil\u00edbrio<\/strong> para o corpo e a mente.<\/p>\n<p>No <strong>Grand Hyatt S\u00e3o Paulo<\/strong>, nossos especialistas em reflexologia est\u00e3o prontos para oferecer uma experi\u00eancia revitalizante e personalizada. Seja para aliviar o stress do dia a dia ou como parte de um plano de autocuidado cont\u00ednuo, a reflexologia \u00e9 uma escolha perfeita.<\/p>\n<p><strong>Agende j\u00e1 sua sess\u00e3o<\/strong> e descubra como essa t\u00e9cnica pode transformar seu bem-estar. Permita-se vivenciar os benef\u00edcios de um tratamento que combina tradi\u00e7\u00e3o e ci\u00eancia, em um ambiente de luxo e tranquilidade.<\/p>\n<p>&nbsp;<\/p>\n","protected":false},"excerpt":{"rendered":"<p>Reflexologia: Equil\u00edbrio e Bem-Estar em Cada Toque A reflexologia \u00e9 uma t\u00e9cnica terap\u00eautica milenar que utiliza a aplica\u00e7\u00e3o de press\u00e3o em pontos espec\u00edficos dos p\u00e9s, m\u00e3os e orelhas, que correspondem a diferentes \u00f3rg\u00e3os e sistemas do corpo. Ao estimular essas \u00e1reas reflexas, a pr\u00e1tica promove a circula\u00e7\u00e3o sangu\u00ednea, alivia tens\u00f5es e restaura o equil\u00edbrio natural [&hellip;]<\/p>\n","protected":false},"featured_media":440,"comment_status":"open","ping_status":"closed","template":"","meta":{"_eb_attr":""},"product_cat":[20,22],"product_tag":[],"yoast_head":"<!-- This site is optimized with the Yoast SEO plugin v18.4.1 - https:\/\/yoast.com\/wordpress\/plugins\/seo\/ -->\n<title>Reflexologia: Sess\u00f5es em S\u00e3o Paulo - Grand Hyatt SP<\/title>\n<meta name=\"description\" content=\"Reflexologia, sess\u00f5es de massagens, tratamentos corporais e faciais em uma estrutura completa no cora\u00e7\u00e3o de S\u00e3o Paulo. Conhe\u00e7a o Amanary Spa. Reserve agora!\" \/>\n<meta name=\"robots\" content=\"index, follow, max-snippet:-1, max-image-preview:large, max-video-preview:-1\" \/>\n<link rel=\"canonical\" href=\"https:\/\/www.pacoteshyatt.com.br\/sao-paulo\/product\/reflexologia\/\" \/>\n<meta property=\"og:locale\" content=\"pt_BR\" \/>\n<meta property=\"og:type\" content=\"article\" \/>\n<meta property=\"og:title\" content=\"Reflexologia: Sess\u00f5es em S\u00e3o Paulo - Grand Hyatt SP\" \/>\n<meta property=\"og:description\" content=\"Reflexologia, sess\u00f5es de massagens, tratamentos corporais e faciais em uma estrutura completa no cora\u00e7\u00e3o de S\u00e3o Paulo. Conhe\u00e7a o Amanary Spa. Reserve agora!\" \/>\n<meta property=\"og:url\" content=\"https:\/\/www.pacoteshyatt.com.br\/sao-paulo\/product\/reflexologia\/\" \/>\n<meta property=\"og:site_name\" content=\"GRAND HYATT S\u00c3O PAULO\" \/>\n<meta property=\"article:modified_time\" content=\"2026-04-16T15:02:07+00:00\" \/>\n<meta property=\"og:image\" content=\"https:\/\/www.pacoteshyatt.com.br\/sao-paulo\/wp-content\/uploads\/sites\/3\/2020\/10\/3069.jpg\" \/>\n\t<meta property=\"og:image:width\" content=\"308\" \/>\n\t<meta property=\"og:image:height\" content=\"200\" \/>\n\t<meta property=\"og:image:type\" content=\"image\/jpeg\" \/>\n<meta name=\"twitter:card\" content=\"summary_large_image\" \/>\n<meta name=\"twitter:label1\" content=\"Est. tempo de leitura\" \/>\n\t<meta name=\"twitter:data1\" content=\"2 minutos\" \/>\n<script type=\"application\/ld+json\" class=\"yoast-schema-graph\">{\"@context\":\"https:\/\/schema.org\",\"@graph\":[{\"@type\":\"WebSite\",\"@id\":\"https:\/\/www.pacoteshyatt.com.br\/sao-paulo\/#website\",\"url\":\"https:\/\/www.pacoteshyatt.com.br\/sao-paulo\/\",\"name\":\"GRAND HYATT S\u00c3O PAULO\",\"description\":\"S\u00f3 mais um site Hot\u00e9is Grand Hyatt Rio de Janeiro e S\u00e3o Paulo sites\",\"potentialAction\":[{\"@type\":\"SearchAction\",\"target\":{\"@type\":\"EntryPoint\",\"urlTemplate\":\"https:\/\/www.pacoteshyatt.com.br\/sao-paulo\/?s={search_term_string}\"},\"query-input\":\"required name=search_term_string\"}],\"inLanguage\":\"pt-BR\"},{\"@type\":\"ImageObject\",\"@id\":\"https:\/\/www.pacoteshyatt.com.br\/sao-paulo\/product\/reflexologia\/#primaryimage\",\"inLanguage\":\"pt-BR\",\"url\":\"https:\/\/www.pacoteshyatt.com.br\/sao-paulo\/wp-content\/uploads\/sites\/3\/2020\/10\/3069.jpg\",\"contentUrl\":\"https:\/\/www.pacoteshyatt.com.br\/sao-paulo\/wp-content\/uploads\/sites\/3\/2020\/10\/3069.jpg\",\"width\":308,\"height\":200,\"caption\":\"sess\u00e3o de reflexiologia do Grand Hyatt SP\"},{\"@type\":\"WebPage\",\"@id\":\"https:\/\/www.pacoteshyatt.com.br\/sao-paulo\/product\/reflexologia\/#webpage\",\"url\":\"https:\/\/www.pacoteshyatt.com.br\/sao-paulo\/product\/reflexologia\/\",\"name\":\"Reflexologia: Sess\u00f5es em S\u00e3o Paulo - Grand Hyatt SP\",\"isPartOf\":{\"@id\":\"https:\/\/www.pacoteshyatt.com.br\/sao-paulo\/#website\"},\"primaryImageOfPage\":{\"@id\":\"https:\/\/www.pacoteshyatt.com.br\/sao-paulo\/product\/reflexologia\/#primaryimage\"},\"datePublished\":\"2023-06-30T18:24:03+00:00\",\"dateModified\":\"2026-04-16T15:02:07+00:00\",\"description\":\"Reflexologia, sess\u00f5es de massagens, tratamentos corporais e faciais em uma estrutura completa no cora\u00e7\u00e3o de S\u00e3o Paulo. Conhe\u00e7a o Amanary Spa. Reserve agora!\",\"breadcrumb\":{\"@id\":\"https:\/\/www.pacoteshyatt.com.br\/sao-paulo\/product\/reflexologia\/#breadcrumb\"},\"inLanguage\":\"pt-BR\",\"potentialAction\":[{\"@type\":\"ReadAction\",\"target\":[\"https:\/\/www.pacoteshyatt.com.br\/sao-paulo\/product\/reflexologia\/\"]}]},{\"@type\":\"BreadcrumbList\",\"@id\":\"https:\/\/www.pacoteshyatt.com.br\/sao-paulo\/product\/reflexologia\/#breadcrumb\",\"itemListElement\":[{\"@type\":\"ListItem\",\"position\":1,\"name\":\"Home\",\"item\":\"https:\/\/www.pacoteshyatt.com.br\/sao-paulo\/\"},{\"@type\":\"ListItem\",\"position\":2,\"name\":\"Shop\",\"item\":\"https:\/\/www.pacoteshyatt.com.br\/sao-paulo\/shop\/\"},{\"@type\":\"ListItem\",\"position\":3,\"name\":\"REFLEXOLOGIA\"}]}]}<\/script>\n<!-- \/ Yoast SEO plugin. -->","yoast_head_json":{"title":"Reflexologia: Sess\u00f5es em S\u00e3o Paulo - Grand Hyatt SP","description":"Reflexologia, sess\u00f5es de massagens, tratamentos corporais e faciais em uma estrutura completa no cora\u00e7\u00e3o de S\u00e3o Paulo. Conhe\u00e7a o Amanary Spa. Reserve agora!","robots":{"index":"index","follow":"follow","max-snippet":"max-snippet:-1","max-image-preview":"max-image-preview:large","max-video-preview":"max-video-preview:-1"},"canonical":"https:\/\/www.pacoteshyatt.com.br\/sao-paulo\/product\/reflexologia\/","og_locale":"pt_BR","og_type":"article","og_title":"Reflexologia: Sess\u00f5es em S\u00e3o Paulo - Grand Hyatt SP","og_description":"Reflexologia, sess\u00f5es de massagens, tratamentos corporais e faciais em uma estrutura completa no cora\u00e7\u00e3o de S\u00e3o Paulo. Conhe\u00e7a o Amanary Spa. Reserve agora!","og_url":"https:\/\/www.pacoteshyatt.com.br\/sao-paulo\/product\/reflexologia\/","og_site_name":"GRAND HYATT S\u00c3O PAULO","article_modified_time":"2026-04-16T15:02:07+00:00","og_image":[{"width":308,"height":200,"url":"https:\/\/www.pacoteshyatt.com.br\/sao-paulo\/wp-content\/uploads\/sites\/3\/2020\/10\/3069.jpg","type":"image\/jpeg"}],"twitter_card":"summary_large_image","twitter_misc":{"Est. tempo de leitura":"2 minutos"},"schema":{"@context":"https:\/\/schema.org","@graph":[{"@type":"WebSite","@id":"https:\/\/www.pacoteshyatt.com.br\/sao-paulo\/#website","url":"https:\/\/www.pacoteshyatt.com.br\/sao-paulo\/","name":"GRAND HYATT S\u00c3O PAULO","description":"S\u00f3 mais um site Hot\u00e9is Grand Hyatt Rio de Janeiro e S\u00e3o Paulo sites","potentialAction":[{"@type":"SearchAction","target":{"@type":"EntryPoint","urlTemplate":"https:\/\/www.pacoteshyatt.com.br\/sao-paulo\/?s={search_term_string}"},"query-input":"required name=search_term_string"}],"inLanguage":"pt-BR"},{"@type":"ImageObject","@id":"https:\/\/www.pacoteshyatt.com.br\/sao-paulo\/product\/reflexologia\/#primaryimage","inLanguage":"pt-BR","url":"https:\/\/www.pacoteshyatt.com.br\/sao-paulo\/wp-content\/uploads\/sites\/3\/2020\/10\/3069.jpg","contentUrl":"https:\/\/www.pacoteshyatt.com.br\/sao-paulo\/wp-content\/uploads\/sites\/3\/2020\/10\/3069.jpg","width":308,"height":200,"caption":"sess\u00e3o de reflexiologia do Grand Hyatt SP"},{"@type":"WebPage","@id":"https:\/\/www.pacoteshyatt.com.br\/sao-paulo\/product\/reflexologia\/#webpage","url":"https:\/\/www.pacoteshyatt.com.br\/sao-paulo\/product\/reflexologia\/","name":"Reflexologia: Sess\u00f5es em S\u00e3o Paulo - Grand Hyatt SP","isPartOf":{"@id":"https:\/\/www.pacoteshyatt.com.br\/sao-paulo\/#website"},"primaryImageOfPage":{"@id":"https:\/\/www.pacoteshyatt.com.br\/sao-paulo\/product\/reflexologia\/#primaryimage"},"datePublished":"2023-06-30T18:24:03+00:00","dateModified":"2026-04-16T15:02:07+00:00","description":"Reflexologia, sess\u00f5es de massagens, tratamentos corporais e faciais em uma estrutura completa no cora\u00e7\u00e3o de S\u00e3o Paulo. Conhe\u00e7a o Amanary Spa. Reserve agora!","breadcrumb":{"@id":"https:\/\/www.pacoteshyatt.com.br\/sao-paulo\/product\/reflexologia\/#breadcrumb"},"inLanguage":"pt-BR","potentialAction":[{"@type":"ReadAction","target":["https:\/\/www.pacoteshyatt.com.br\/sao-paulo\/product\/reflexologia\/"]}]},{"@type":"BreadcrumbList","@id":"https:\/\/www.pacoteshyatt.com.br\/sao-paulo\/product\/reflexologia\/#breadcrumb","itemListElement":[{"@type":"ListItem","position":1,"name":"Home","item":"https:\/\/www.pacoteshyatt.com.br\/sao-paulo\/"},{"@type":"ListItem","position":2,"name":"Shop","item":"https:\/\/www.pacoteshyatt.com.br\/sao-paulo\/shop\/"},{"@type":"ListItem","position":3,"name":"REFLEXOLOGIA"}]}]}},"_links":{"self":[{"href":"https:\/\/www.pacoteshyatt.com.br\/sao-paulo\/wp-json\/wp\/v2\/product\/9662"}],"collection":[{"href":"https:\/\/www.pacoteshyatt.com.br\/sao-paulo\/wp-json\/wp\/v2\/product"}],"about":[{"href":"https:\/\/www.pacoteshyatt.com.br\/sao-paulo\/wp-json\/wp\/v2\/types\/product"}],"replies":[{"embeddable":true,"href":"https:\/\/www.pacoteshyatt.com.br\/sao-paulo\/wp-json\/wp\/v2\/comments?post=9662"}],"wp:featuredmedia":[{"embeddable":true,"href":"https:\/\/www.pacoteshyatt.com.br\/sao-paulo\/wp-json\/wp\/v2\/media\/440"}],"wp:attachment":[{"href":"https:\/\/www.pacoteshyatt.com.br\/sao-paulo\/wp-json\/wp\/v2\/media?parent=9662"}],"wp:term":[{"taxonomy":"product_cat","embeddable":true,"href":"https:\/\/www.pacoteshyatt.com.br\/sao-paulo\/wp-json\/wp\/v2\/product_cat?post=9662"},{"taxonomy":"product_tag","embeddable":true,"href":"https:\/\/www.pacoteshyatt.com.br\/sao-paulo\/wp-json\/wp\/v2\/product_tag?post=9662"}],"curies":[{"name":"wp","href":"https:\/\/api.w.org\/{rel}","templated":true}]}}